{"id":132596,"date":"2024-03-11T14:56:52","date_gmt":"2024-03-11T12:56:52","guid":{"rendered":"https:\/\/siuranella.cat\/politica-de-cookies\/"},"modified":"2024-03-26T10:31:29","modified_gmt":"2024-03-26T08:31:29","slug":"politica-de-cookies","status":"publish","type":"page","link":"https:\/\/siuranella.cat\/es\/politica-de-cookies\/","title":{"rendered":"Pol\u00edtica de cookies"},"content":{"rendered":"<div class=\"wpb-content-wrapper\"><p>[vc_row row_height_percent=&#8221;0&#8243; override_padding=&#8221;yes&#8221; h_padding=&#8221;2&#8243; top_padding=&#8221;3&#8243; bottom_padding=&#8221;4&#8243; back_color=&#8221;color-143788&#8243; overlay_alpha=&#8221;50&#8243; gutter_size=&#8221;4&#8243; column_width_percent=&#8221;100&#8243; shift_y=&#8221;0&#8243; z_index=&#8221;0&#8243; uncode_shortcode_id=&#8221;393469&#8243; back_color_type=&#8221;uncode-palette&#8221;][vc_column column_width_percent=&#8221;100&#8243; align_horizontal=&#8221;align_center&#8221; gutter_size=&#8221;4&#8243; overlay_alpha=&#8221;50&#8243; shift_x=&#8221;0&#8243; shift_y=&#8221;0&#8243; shift_y_down=&#8221;0&#8243; z_index=&#8221;0&#8243; medium_width=&#8221;0&#8243; mobile_width=&#8221;0&#8243; width=&#8221;1\/1&#8243; uncode_shortcode_id=&#8221;137902&#8243;][vc_custom_heading text_color=&#8221;color-194494&#8243; text_font=&#8221;font-546750&#8243; text_size=&#8221;fontsize-151193&#8243; text_weight=&#8221;200&#8243; text_height=&#8221;fontheight-161249&#8243; uncode_shortcode_id=&#8221;135232&#8243; text_color_type=&#8221;uncode-palette&#8221;]Pol\u00edtica de cookies[\/vc_custom_heading][\/vc_column][\/vc_row][vc_row][vc_column width=&#8221;1\/1&#8243;][vc_column_text uncode_shortcode_id=&#8221;851319&#8243;]La presente pol\u00edtica de cookies tiene por finalidad informarle de forma clara y precisa sobre las cookies que se utilizan en la p\u00e1gina web de GRUP RUCURIA EVENTS, SL.[\/vc_column_text][vc_custom_heading text_transform=&#8221;uppercase&#8221; uncode_shortcode_id=&#8221;178675&#8243;]\u00bfQU\u00c9 SON LAS COOKIES?[\/vc_custom_heading][vc_column_text uncode_shortcode_id=&#8221;467848&#8243;]Una cookie es un peque\u00f1o fragmento de texto que los sitios web que visita env\u00edan al navegador y que permite que el sitio web recuerde informaci\u00f3n sobre su visita, como su idioma preferido y otras opciones, con el fin de facilitar su pr\u00f3xima visita y hacer que el sitio le resulte m\u00e1s \u00fatil. Las galletas juegan un papel muy importante y contribuyen a tener una mejor experiencia de navegaci\u00f3n para el usuario.[\/vc_column_text][vc_custom_heading text_transform=&#8221;uppercase&#8221; uncode_shortcode_id=&#8221;978453&#8243;]TIPO DE COOKIES[\/vc_custom_heading][vc_column_text uncode_shortcode_id=&#8221;198157&#8243;]Seg\u00fan qui\u00e9n sea la entidad que gestione el dominio desde donde se env\u00edan las cookies y se traten los datos que se obtengan, se pueden distinguir dos tipos: cookies propias y cookies de terceros.<\/p>\n<p>Existe tambi\u00e9n una segunda clasificaci\u00f3n seg\u00fan el plazo de tiempo que permanecen almacenadas en el navegador del cliente, pudiendo tratarse de cookies de sesi\u00f3n o cookies persistentes.<\/p>\n<p>Por \u00faltimo, existe otra clasificaci\u00f3n con cinco tipos de galletas seg\u00fan la finalidad para la que se traten los datos obtenidos: galletas t\u00e9cnicas, galletas de personalizaci\u00f3n, galletas de an\u00e1lisis, galletas publicitarias y galletas de publicidad comportamental.<\/p>\n<p>Para m\u00e1s informaci\u00f3n al respecto puede consultar la Gu\u00eda sobre el uso de las cookies de la Agencia Espa\u00f1ola de Protecci\u00f3n de Datos.[\/vc_column_text][vc_custom_heading text_transform=&#8221;uppercase&#8221; uncode_shortcode_id=&#8221;192136&#8243;]Cookies UTILIZADAS EN LA WEB[\/vc_custom_heading][vc_column_text uncode_shortcode_id=&#8221;330365&#8243;]A continuaci\u00f3n se identifican las cookies que se est\u00e1n utilizando en esta web, as\u00ed como su tipolog\u00eda y funci\u00f3n:<\/p>\n<p>La p\u00e1gina web de GRUPO RUCURIA EVENTS, SL del Interior, utiliza Google Analytics, un servicio de an\u00e1lisis web desarrollado por Google, que permite la medida y an\u00e1lisis de la navegaci\u00f3n en las p\u00e1ginas web. En su navegador podr\u00e1 observar cookies de este servicio. Seg\u00fan la tipolog\u00eda anterior se trata de cookies propias, sesi\u00f3n y an\u00e1lisis.<\/p>\n<p>A trav\u00e9s del an\u00e1lisis web se obtiene informaci\u00f3n relativa al n\u00famero de usuarios que acceden a la web, el n\u00famero de p\u00e1ginas vistas, la frecuencia y repetici\u00f3n de las visitas, su duraci\u00f3n, el navegador utilizado, el operador que presta el servicio, el idioma, el terminal que utiliza y la ciudad a la que est\u00e1 asignada su direcci\u00f3n IP. Informaci\u00f3n que posibilita un mejor y m\u00e1s apropiado servicio por este portal.<\/p>\n<p>Para garantizar el anonimato, Google convertir\u00e1 su informaci\u00f3n en an\u00f3nima truncando la direcci\u00f3n IP antes de almacenarla, por lo que Google Analytics no se utiliza para localizar o recabar informaci\u00f3n personal identificable de los visitantes del sitio. Google solo podr\u00e1 enviar la informaci\u00f3n recabada por Google Analytics a terceros cuando est\u00e9 legalmente obligado a hacerlo. De acuerdo con las condiciones de prestaci\u00f3n del servicio de Google Analytics, Google no asociar\u00e1 su direcci\u00f3n IP a ning\u00fan otro dato conservado por Google.<\/p>\n<p>Otra de las cookies que se descargan es una cookie de tipo t\u00e9cnico denominada JSESSIONID. Esta cookie permite almacenar un identificador \u00fanico por sesi\u00f3n a trav\u00e9s del cual es posible vincular datos necesarios para posibilitar la navegaci\u00f3n en curso.<\/p>\n<p>Por \u00faltimo, se descarga una cookie denominada cc_cookie, propia, de tipo t\u00e9cnico y de sesi\u00f3n. Gestiona el consentimiento del usuario para el uso de las cookies en la p\u00e1gina web, con el objeto de recordar aquellos usuarios que las han aceptado y aquellos que no, de forma que a los primeros no se les muestre informaci\u00f3n en la p\u00e1gina web, parte superior de la p\u00e1gina a este respecto.[\/vc_column_text][vc_custom_heading text_transform=&#8221;uppercase&#8221; uncode_shortcode_id=&#8221;159760&#8243;]SERVICIOS DE TERCEROS[\/vc_custom_heading][vc_column_text uncode_shortcode_id=&#8221;167083&#8243;]Adicionalmente, el GRUPO RUCURIA EVENTS, SL tiene presencia en portales y servicios de terceros para los que, si se desea conocer las condiciones de privacidad y uso de galletas, tendr\u00e1n que consultarle las pol\u00edticas proporcionadas por los mismos.[\/vc_column_text][vc_custom_heading text_transform=&#8221;uppercase&#8221; uncode_shortcode_id=&#8221;208439&#8243;]Tipos de cookies[\/vc_custom_heading][vc_column_text uncode_shortcode_id=&#8221;632115&#8243;]GRUP RUCURIA EVENTS, SL muestra informaci\u00f3n sobre su Pol\u00edtica de Cookies en la parte inferior de cualquier p\u00e1gina de la web con cada inicio de sesi\u00f3n con el objeto de que usted sea consciente de ello.<br \/>\nAnte esta informaci\u00f3n es posible llevar a cabo las siguientes acciones:<\/p>\n<p>Aceptar cookies. No se volver\u00e1 a visualizar este aviso al acceder a cualquier p\u00e1gina del portal durante la presente sesi\u00f3n.<br \/>\nModificar la configuraci\u00f3n. Podr\u00e1 obtener m\u00e1s informaci\u00f3n sobre qu\u00e9 son las cookies, conocer la Pol\u00edtica de cookies de GRUPO RUCURIA EVENTS, SL y modificar la configuraci\u00f3n de su navegador para restringir o bloquear las cookies de GRUPO RUCURIA EVENTS, SL en cualquier momento. En caso de restringir o bloquear las cookies puede ver reducidas las funcionalidades de la web.[\/vc_column_text][vc_custom_heading text_transform=&#8221;uppercase&#8221; uncode_shortcode_id=&#8221;716217&#8243;]C\u00d3MO MODIFICAR LA CONFIGURACI\u00d3N DE LAS cookies[\/vc_custom_heading][vc_column_text uncode_shortcode_id=&#8221;151828&#8243;]<\/p>\n<ul>\n<li><strong>Gestionar cookies<\/strong>. Mediante el banner de opciones en la gesti\u00f3n de cookies se pueden seleccionar las cookies que se deseen aceptar o rechazar.<\/li>\n<\/ul>\n<p>Tambi\u00e9n es posible restringir, bloquear o borrar las cookies de GRUPO RUCURIA EVENTS, SL o de cualquier otra p\u00e1gina web, utilizando su navegador. En cada navegador la operativa es distinta, la funci\u00f3n de \u00abAyuda\u00bb le mostrar\u00e1 c\u00f3mo hacerlo.<\/p>\n<ul>\n<li><strong>Microsoft Edge:<\/strong> <a href=\"https:\/\/support.microsoft.com\/es-es\/help\/4468242\/microsoft-edge-browsing-data-and-privacy-microsoft-privacy\">support.microsoft.com\/es-es\/help\/4468242\/microsoft-edge-browsing-data-and-privacy-microsoft-privacy<\/a><\/li>\n<li><strong>FireFox<\/strong>: <a href=\"http:\/\/support.mozilla.org\/es\/kb\/Borrar%20cookies\">support.mozilla.org\/es\/kb\/Borrar%20cookies<\/a> <\/li>\n<li><strong>Chrome<\/strong>: <a href=\"http:\/\/support.google.com\/chrome\/answer\/95647?hl=\">support.google.com\/chrome\/answer\/95647?hl=\u00bbes\u00bb<\/a><\/li>\n<li><strong>Safari<\/strong>: <a href=\"http:\/\/www.apple.com\/es\/privacy\/use-of-cookies\/\">www.apple.com\/es\/privacy\/use-of-cookies\/<\/a><\/li>\n<\/ul>\n<p>Adem\u00e1s, tambi\u00e9n puede manejar el almac\u00e9n de cookies en su navegador a trav\u00e9s de herramientas como las siguientes:<\/p>\n<ul>\n<li><strong>Ghostery<\/strong>: <a href=\"http:\/\/www.ghostery.com\/\">www.ghostery.com\/<\/a><\/li>\n<li><strong>Your online choices<\/strong>: <a href=\"http:\/\/www.youronlinechoices.com\/es\/\">www.youronlinechoices.com\/es\/<\/a><\/li>\n<\/ul>\n<p>[\/vc_column_text][\/vc_column][\/vc_row][vc_row][vc_column width=&#8221;1\/1&#8243;][vc_empty_space empty_h=&#8221;2&#8243;][\/vc_column][\/vc_row]<\/p>\n<\/div>","protected":false},"excerpt":{"rendered":"<p>[vc_row row_height_percent=&#8221;0&#8243; override_padding=&#8221;yes&#8221; h_padding=&#8221;2&#8243; top_padding=&#8221;3&#8243; bottom_padding=&#8221;4&#8243; back_color=&#8221;color-143788&#8243; overlay_alpha=&#8221;50&#8243; gutter_size=&#8221;4&#8243; column_width_percent=&#8221;100&#8243; shift_y=&#8221;0&#8243; z_index=&#8221;0&#8243; uncode_shortcode_id=&#8221;393469&#8243; back_color_type=&#8221;uncode-palette&#8221;][vc_column column_width_percent=&#8221;100&#8243; align_horizontal=&#8221;align_center&#8221; gutter_size=&#8221;4&#8243; overlay_alpha=&#8221;50&#8243; shift_x=&#8221;0&#8243; shift_y=&#8221;0&#8243; [&hellip;]<\/p>\n","protected":false},"author":1,"featured_media":0,"parent":0,"menu_order":0,"comment_status":"closed","ping_status":"closed","template":"","meta":{"footnotes":""},"class_list":["post-132596","page","type-page","status-publish","hentry"],"_links":{"self":[{"href":"https:\/\/siuranella.cat\/es\/wp-json\/wp\/v2\/pages\/132596","targetHints":{"allow":["GET"]}}],"collection":[{"href":"https:\/\/siuranella.cat\/es\/wp-json\/wp\/v2\/pages"}],"about":[{"href":"https:\/\/siuranella.cat\/es\/wp-json\/wp\/v2\/types\/page"}],"author":[{"embeddable":true,"href":"https:\/\/siuranella.cat\/es\/wp-json\/wp\/v2\/users\/1"}],"replies":[{"embeddable":true,"href":"https:\/\/siuranella.cat\/es\/wp-json\/wp\/v2\/comments?post=132596"}],"version-history":[{"count":10,"href":"https:\/\/siuranella.cat\/es\/wp-json\/wp\/v2\/pages\/132596\/revisions"}],"predecessor-version":[{"id":132827,"href":"https:\/\/siuranella.cat\/es\/wp-json\/wp\/v2\/pages\/132596\/revisions\/132827"}],"wp:attachment":[{"href":"https:\/\/siuranella.cat\/es\/wp-json\/wp\/v2\/media?parent=132596"}],"curies":[{"name":"wp","href":"https:\/\/api.w.org\/{rel}","templated":true}]}}