{"id":132590,"date":"2024-03-18T16:50:12","date_gmt":"2024-03-18T14:50:12","guid":{"rendered":"https:\/\/siuranella.cat\/aviso-legal\/"},"modified":"2024-03-26T10:29:07","modified_gmt":"2024-03-26T08:29:07","slug":"aviso-legal","status":"publish","type":"page","link":"https:\/\/siuranella.cat\/es\/aviso-legal\/","title":{"rendered":"Aviso legal"},"content":{"rendered":"<div class=\"wpb-content-wrapper\"><p>[vc_row row_height_percent=&#8221;0&#8243; override_padding=&#8221;yes&#8221; h_padding=&#8221;2&#8243; top_padding=&#8221;3&#8243; bottom_padding=&#8221;4&#8243; back_color=&#8221;color-143788&#8243; overlay_alpha=&#8221;50&#8243; gutter_size=&#8221;4&#8243; column_width_percent=&#8221;100&#8243; shift_y=&#8221;0&#8243; z_index=&#8221;0&#8243; uncode_shortcode_id=&#8221;393469&#8243; back_color_type=&#8221;uncode-palette&#8221;][vc_column column_width_percent=&#8221;100&#8243; align_horizontal=&#8221;align_center&#8221; gutter_size=&#8221;4&#8243; overlay_alpha=&#8221;50&#8243; shift_x=&#8221;0&#8243; shift_y=&#8221;0&#8243; shift_y_down=&#8221;0&#8243; z_index=&#8221;0&#8243; medium_width=&#8221;0&#8243; mobile_width=&#8221;0&#8243; width=&#8221;1\/1&#8243; uncode_shortcode_id=&#8221;137902&#8243;][vc_custom_heading text_color=&#8221;color-194494&#8243; text_font=&#8221;font-546750&#8243; text_size=&#8221;fontsize-151193&#8243; text_weight=&#8221;200&#8243; text_height=&#8221;fontheight-161249&#8243; uncode_shortcode_id=&#8221;244999&#8243; text_color_type=&#8221;uncode-palette&#8221;]Aviso legal[\/vc_custom_heading][\/vc_column][\/vc_row][vc_row][vc_column width=&#8221;1\/1&#8243;][vc_custom_heading text_transform=&#8221;uppercase&#8221; uncode_shortcode_id=&#8221;119256&#8243;]TITULARIDAD DE LA P\u00c1GINA WEB[\/vc_custom_heading][vc_column_text uncode_shortcode_id=&#8221;973326&#8243;]De acuerdo con lo que dispone el art\u00edculo 10 de la Ley 34\/2002, de 11 de julio, de Servicios de la Sociedad de la Informaci\u00f3n y de Comercio Electr\u00f3nico (en adelante, &#8220;LSSI&#8221;), ponemos en su conocimiento que la web <a href=\"https:\/\/www.siuranella.cat\/\">https:\/\/www.siuranella.cat\/<\/a> (en adelante, el &#8220;Sitio Web&#8221; o la &#8220;Web&#8221;) es titularidad de GRUPO RUCURIA EVENTS, SL (en adelante, &#8220;SIURANELLA&#8221;), con domicilio, en efectos de notificaciones, a:<\/p>\n<ul>\n<li>Direcci\u00f3n: Calle Finca, s\/n, 43360, Cornudella de Montsant<\/li>\n<li>NIF: B-56909302<\/li>\n<li>Tel\u00e9fono +34 97 782 11 44<\/li>\n<li>e-mail: <a href=\"mailto:reserves@siuranella.cat\">reserves@siuranella.cat<\/a><\/li>\n<\/ul>\n<p>El sitio web &#8220;<a href=\"https:\/\/www.siuranella.cat\/\">www.siuranella.cat<\/a>ha sido creado por SIURANELLA, con car\u00e1cter informativo y con la finalidad de difundir la actividad de la producci\u00f3n audiovisual, facilitar el contacto con los clientes y permitir la suscripci\u00f3n a noticias y servicios que ofrece SIURANELLA, siendo el nombre de dominio, <a href=\"https:\/\/www.siuranella.cat\/\">www.siuranella.cat<\/a>, registrado a favor de \u00e9sta.[\/vc_column_text][vc_custom_heading text_transform=&#8221;uppercase&#8221; uncode_shortcode_id=&#8221;111137&#8243;]USO DE LA WEB[\/vc_custom_heading][vc_column_text uncode_shortcode_id=&#8221;416960&#8243;]El presente Aviso Legal (en adelante, &#8220;Aviso Legal&#8221;), establece las condiciones que regulan la utilizaci\u00f3n de los servicios de la sociedad de la informaci\u00f3n que SIURANELLA pone a disposici\u00f3n de los usuarios a trav\u00e9s de la Web.<br \/>\nDe este modo, el acceso y uso de la Web suponen que el usuario (en adelante, el &#8220;Usuario&#8221;) acepta en su totalidad y se compromete a cumplir completamente el presente Aviso Legal, los t\u00e9rminos y condiciones, as\u00ed como las instrucciones o recomendaciones que se le indiquen en cada caso concreto.<br \/>\nEl acceso al Sitio Web es gratuito, salvo en el aspecto del coste de conexi\u00f3n a trav\u00e9s de la red de telecomunicaciones suministrada por el proveedor de acceso que haya contratado el Usuario.<br \/>\nSIURANELLA se reserva la facultad de efectuar, en cualquier momento y sin necesidad de previo aviso, modificaciones y actualizaciones de la Web y sus contenidos, configuraci\u00f3n y presentaci\u00f3n, incluidos estos Aviso Legal, por lo que recomendamos su lectura antes de cada acceso y navegaci\u00f3n por la Web.<br \/>\nEl Usuario se compromete a no utilizar el Sitio Web con fines fraudulentos, as\u00ed como a no llevar a cabo ninguna conducta que pudiera da\u00f1ar la imagen, intereses y derechos de SIURANELLA o de terceros, oblig\u00e1ndose a utilizar la Web, los Servicios y contenidos incluidos en el mismo de forma diligente, correcta y l\u00edcita. En particular, el Usuario se compromete a abstenerse de: suprimir, eludir o manipular el copyright y otros datos identificativos de los derechos de sus titulares incorporados a los contenidos de la Web, as\u00ed como los dispositivos t\u00e9cnicos de protecci\u00f3n, o cualquier mecanismo informaci\u00f3n que puedan incluir estos contenidos. Adem\u00e1s, el Usuario se compromete a no realizar ning\u00fan acto con el objetivo de da\u00f1ar, inutilizar o sobrecargar el Sitio Web, o que impida, de cualquier modo, la normal utilizaci\u00f3n y funcionamiento del mismo.<br \/>\nEn caso de que se incumpla este Aviso Legal o SIURANELLA sospeche razonablemente que las est\u00e1 incumpliendo, esta se reserva el derecho a limitar, suspender o terminar su acceso al Sitio Web, adoptando cualquier medida t\u00e9cnica que sea necesaria a tal fin.[\/vc_column_text][vc_custom_heading text_transform=&#8221;uppercase&#8221; uncode_shortcode_id=&#8221;162735&#8243;]REGISTRO DEL USUARIO[\/vc_custom_heading][vc_column_text uncode_shortcode_id=&#8221;117468&#8243;]El acceso a la informaci\u00f3n y parte de los contenidos mostrados en la Web no requiere del registro por parte de los Usuarios.[\/vc_column_text][vc_custom_heading text_transform=&#8221;uppercase&#8221; uncode_shortcode_id=&#8221;184106&#8243;]PROPIEDAD INTELECTUAL E INDUSTRIAL[\/vc_custom_heading][vc_column_text uncode_shortcode_id=&#8221;112489&#8243;]Los derechos de propiedad intelectual sobre la disposici\u00f3n de los contenidos de la Web (incluido el derecho sui generis sobre la base de datos), su dise\u00f1o gr\u00e1fico (look&amp;feel), los signos distintivos (marcas, logos, nombres comerciales y el lema o reclamo publicitario), los programas de ordenador subyacentes (incluidos los c\u00f3digos fuente), as\u00ed como los diferentes elementos que integran la Web (textos, gr\u00e1ficos, fotograf\u00edas, v\u00eddeos, etc.) corresponden a SIURANELLA o dispone en su caso, del derecho uso y explotaci\u00f3n de los mismos, y en este sentido constituyen obras protegidas por la legislaci\u00f3n de propiedad intelectual e industrial vigentes.<br \/>\nEl uso de la Web por el Usuario en ning\u00fan caso supone la cesi\u00f3n de derecho alguno de propiedad intelectual y\/o industrial sobre la Web, sus contenidos y\/o los signos distintivos de SIURANELLA.<br \/>\nA tal efecto, mediante el presente Aviso Legal, salvo en aquellos supuestos en que est\u00e9 legalmente permitido, queda expresamente prohibido al Usuario la reproducci\u00f3n, transformaci\u00f3n, distribuci\u00f3n, comunicaci\u00f3n p\u00fablica, puesta a disposici\u00f3n, extracci\u00f3n y\/o reutilizaci\u00f3n de la Web, sus contenidos y\/o los signos distintivos de SIURANELLA.<br \/>\nQueda expresa y terminantemente prohibida la reproducci\u00f3n de elementos o contenidos de la Web realizada con \u00e1nimo de lucro o fines comerciales.[\/vc_column_text][vc_custom_heading text_transform=&#8221;uppercase&#8221; uncode_shortcode_id=&#8221;192994&#8243;]LIMITACI\u00d3N DE RESPONSABILIDAD[\/vc_custom_heading][vc_column_text uncode_shortcode_id=&#8221;560858&#8243;]El Usuario reconoce y acepta que el uso de la Web se realiza en todo momento bajo su riesgo y responsabilidad, por lo que SIURANELLA no se responsabiliza del mal uso o uso indebido que pueda hacerse de la Web. A tal efecto, \u00fanicamente ser\u00e1 responsable de los da\u00f1os que el Usuario pueda sufrir por el uso de la Web, cuando estos da\u00f1os se deban a nuestra actuaci\u00f3n dolosa.<br \/>\nEn particular, SIURANELLA no ser\u00e1 responsable de:<\/p>\n<ul>\n<li>El contenido de los sitios enlazados a trav\u00e9s de los enlaces incluidos dentro de la Web. A este respecto, ser\u00e1n de aplicaci\u00f3n los t\u00e9rminos recogidos en el apartado 6 del presente Aviso Legal.<\/li>\n<li>Los da\u00f1os de cualquier tipo causados \u200b\u200ben los equipos inform\u00e1ticos del Usuario por virus, gusanos, troyanos o cualquier otro elemento nocivo. El Usuario reconoce que el uso de la red Internet supone la asunci\u00f3n de un riesgo de que sus equipos inform\u00e1ticos puedan ser afectados por los elementos antes citados. A tal efecto, corresponde al Usuario, en cualquier caso, la disponibilidad de herramientas adecuadas para la detecci\u00f3n y eliminaci\u00f3n de programas electr\u00f3nicos nocivos.<\/li>\n<li>Los da\u00f1os de cualquier tipo producidos al Usuario que tengan origen en fallos o desconexiones en las redes de telecomunicaciones que provoquen la suspensi\u00f3n, cancelaci\u00f3n o interrupci\u00f3n del servicio de la Web. A este respecto, el Usuario reconoce que el acceso a la Web requiere de servicios suministrados por terceros ajenos al control de SIURANELLA (a t\u00edtulo de ejemplo: operadores de redes de telecomunicaciones, proveedores de acceso, etc.) la fiabilidad, calidad, continuidad y funcionamiento de los que no corresponde a SIURANELLA.<\/li>\n<\/ul>\n<p>[\/vc_column_text][vc_custom_heading text_transform=&#8221;uppercase&#8221; uncode_shortcode_id=&#8221;203101&#8243;]Links o enlaces[\/vc_custom_heading][vc_column_text uncode_shortcode_id=&#8221;757261&#8243;]El Sitio Web incluye o puede incluir enlaces que permiten al Usuario acceder a otras p\u00e1ginas y portales de Internet (en adelante, &#8220;Enlaces&#8221;). En estos casos, SIURANELLA act\u00faa como prestamista de servicios de intermediaci\u00f3n de conformidad con el art\u00edculo 17 de la LSSI, y s\u00f3lo ser\u00e1 responsable de los contenidos y servicios suministrados en los Sitios Enlazados en la medida en que tenga conocimiento efectivo de la ilicitud y no haya desactivado el enlace con la diligencia debida. En el supuesto de que el Usuario considere que existe un Enlace con contenidos il\u00edcitos o inadecuados, rogamos lo comunique a SIURANELLA a trav\u00e9s de <a target=\"_new\" rel=\"noopener\">reserves@siuranella.cat<\/a>. En ning\u00fan caso, esta comunicaci\u00f3n comportar\u00e1 la obligaci\u00f3n de retirar el enlace correspondiente. La existencia de Enlaces en ning\u00fan caso implica que SIURANELLA tenga conocimiento efectivo o de ning\u00fan otro tipo de los servicios y contenidos de los mismos en caso de ilicitud, ni que mantenga necesariamente acuerdos con los responsables o titulares de los Enlaces. Tampoco comporta la existencia de estos Enlaces recomendaci\u00f3n, promoci\u00f3n, identificaci\u00f3n o conformidad de SIURANELLA con las manifestaciones, contenidos o servicios suministrados a trav\u00e9s de los Enlaces. En consecuencia, SIURANELLA no se hace responsable del contenido de los Enlaces, ni de sus condiciones de uso y pol\u00edticas de confidencialidad, siendo el Usuario el \u00fanico responsable de comprobarlos y aceptarlos cada vez que acceda a ellos y haga uso. El Usuario y, en general, cualquier persona f\u00edsica o jur\u00eddica que se proponga establecer un enlace desde su p\u00e1gina o sitio a la Web, deber\u00e1 obtener una autorizaci\u00f3n previa y por escrito de SIURANELLA. El establecimiento de este enlace no implica en ning\u00fan caso la existencia de relaciones entre SIURANELLA y el propietario o titular del sitio o p\u00e1gina en la que se establezca el mismo, ni la aceptaci\u00f3n o aprobaci\u00f3n por parte de SIURANELLA de sus contenidos o servicios. En cualquier caso, SIURANELLA se reserva el derecho a prohibir o inutilizar en cualquier momento los enlaces al Sitio Web, especialmente en los supuestos de ilicitud de la actividad o contenidos de la p\u00e1gina o sitio en el que se incluya el mismo.[\/vc_column_text][vc_custom_heading text_transform=&#8221;uppercase&#8221; uncode_shortcode_id=&#8221;574794&#8243;]Seguridad[\/vc_custom_heading][vc_column_text uncode_shortcode_id=&#8221;163749&#8243;]SIURANELLA realiza los m\u00e1ximos esfuerzos por garantizar que la navegaci\u00f3n a trav\u00e9s de este sitio web se haga en las mejores condiciones.<br \/>\nQueda prohibido descompilar, realizar ingenier\u00eda inversa, sublicenciar o transmitir de cualquier forma, traducir o realizar obras derivadas de los programas de ordenador necesarios para el funcionamiento, acceso y utilizaci\u00f3n de este sitio web y de los servicios en ella contenidos. El usuario del sitio web deber\u00e1 abstenerse en todo caso de suprimir, alterar, eludir o manipular cualquier dispositivo de protecci\u00f3n o sistemas de seguridad que puedan estar instalados en el mismo.<br \/>\nSIURANELLA no se hace responsable por ning\u00fan tipo de perjuicio sufrido por los Usuarios por el uso de navegadores o versiones distintas de los navegadores para los que ha sido dise\u00f1ado este sitio web.[\/vc_column_text][vc_custom_heading text_transform=&#8221;uppercase&#8221; uncode_shortcode_id=&#8221;456453&#8243;]LEGISLACI\u00d3N APLICABLE Y TRIBUNALES COMPETENTES[\/vc_custom_heading][vc_column_text uncode_shortcode_id=&#8221;139899&#8243;]El uso de la Web est\u00e1 regido e interpretado de acuerdo con la Ley Espa\u00f1ola y se entender\u00e1 que, por el hecho de utilizar el Sitio Web, el Usuario est\u00e1 de acuerdo en que cualquier conflicto o litigio que surja entre el usuario y SIURANELLA ser\u00e1 tratado de acuerdo con la Legislaci\u00f3n del Usuario y Consumidores. En caso de que alguna de las disposiciones contenidas en el presente Aviso Legal sea declarada nula, se proceder\u00e1 a la retirada o sustituci\u00f3n de la misma. En todo caso, esta declaraci\u00f3n de nulidad no afectar\u00e1 a la validez del resto de disposiciones recogidas en el presente Aviso Legal.[\/vc_column_text][\/vc_column][\/vc_row][vc_row][vc_column width=&#8221;1\/1&#8243;][vc_empty_space empty_h=&#8221;2&#8243;][\/vc_column][\/vc_row]<\/p>\n<\/div>","protected":false},"excerpt":{"rendered":"<p>[vc_row row_height_percent=&#8221;0&#8243; override_padding=&#8221;yes&#8221; h_padding=&#8221;2&#8243; top_padding=&#8221;3&#8243; bottom_padding=&#8221;4&#8243; back_color=&#8221;color-143788&#8243; overlay_alpha=&#8221;50&#8243; gutter_size=&#8221;4&#8243; column_width_percent=&#8221;100&#8243; shift_y=&#8221;0&#8243; z_index=&#8221;0&#8243; uncode_shortcode_id=&#8221;393469&#8243; back_color_type=&#8221;uncode-palette&#8221;][vc_column column_width_percent=&#8221;100&#8243; align_horizontal=&#8221;align_center&#8221; gutter_size=&#8221;4&#8243; overlay_alpha=&#8221;50&#8243; shift_x=&#8221;0&#8243; shift_y=&#8221;0&#8243; [&hellip;]<\/p>\n","protected":false},"author":1,"featured_media":0,"parent":0,"menu_order":0,"comment_status":"closed","ping_status":"closed","template":"","meta":{"footnotes":""},"class_list":["post-132590","page","type-page","status-publish","hentry"],"_links":{"self":[{"href":"https:\/\/siuranella.cat\/es\/wp-json\/wp\/v2\/pages\/132590","targetHints":{"allow":["GET"]}}],"collection":[{"href":"https:\/\/siuranella.cat\/es\/wp-json\/wp\/v2\/pages"}],"about":[{"href":"https:\/\/siuranella.cat\/es\/wp-json\/wp\/v2\/types\/page"}],"author":[{"embeddable":true,"href":"https:\/\/siuranella.cat\/es\/wp-json\/wp\/v2\/users\/1"}],"replies":[{"embeddable":true,"href":"https:\/\/siuranella.cat\/es\/wp-json\/wp\/v2\/comments?post=132590"}],"version-history":[{"count":17,"href":"https:\/\/siuranella.cat\/es\/wp-json\/wp\/v2\/pages\/132590\/revisions"}],"predecessor-version":[{"id":132799,"href":"https:\/\/siuranella.cat\/es\/wp-json\/wp\/v2\/pages\/132590\/revisions\/132799"}],"wp:attachment":[{"href":"https:\/\/siuranella.cat\/es\/wp-json\/wp\/v2\/media?parent=132590"}],"curies":[{"name":"wp","href":"https:\/\/api.w.org\/{rel}","templated":true}]}}