{"id":132584,"date":"2024-02-19T19:04:26","date_gmt":"2024-02-19T17:04:26","guid":{"rendered":"https:\/\/siuranella.cat\/politica-de-privacidad\/"},"modified":"2024-03-26T10:31:45","modified_gmt":"2024-03-26T08:31:45","slug":"politica-de-privacidad","status":"publish","type":"page","link":"https:\/\/siuranella.cat\/es\/politica-de-privacidad\/","title":{"rendered":"Pol\u00edtica de privacidad"},"content":{"rendered":"<div class=\"wpb-content-wrapper\"><p>[vc_row row_height_percent=&#8221;0&#8243; override_padding=&#8221;yes&#8221; h_padding=&#8221;2&#8243; top_padding=&#8221;3&#8243; bottom_padding=&#8221;4&#8243; back_color=&#8221;color-143788&#8243; overlay_alpha=&#8221;50&#8243; gutter_size=&#8221;4&#8243; column_width_percent=&#8221;100&#8243; shift_y=&#8221;0&#8243; z_index=&#8221;0&#8243; uncode_shortcode_id=&#8221;393469&#8243; back_color_type=&#8221;uncode-palette&#8221;][vc_column column_width_percent=&#8221;100&#8243; align_horizontal=&#8221;align_center&#8221; gutter_size=&#8221;4&#8243; overlay_alpha=&#8221;50&#8243; shift_x=&#8221;0&#8243; shift_y=&#8221;0&#8243; shift_y_down=&#8221;0&#8243; z_index=&#8221;0&#8243; medium_width=&#8221;0&#8243; mobile_width=&#8221;0&#8243; width=&#8221;1\/1&#8243; uncode_shortcode_id=&#8221;137902&#8243;][vc_custom_heading text_color=&#8221;color-194494&#8243; text_font=&#8221;font-546750&#8243; text_size=&#8221;fontsize-151193&#8243; text_weight=&#8221;200&#8243; text_height=&#8221;fontheight-161249&#8243; uncode_shortcode_id=&#8221;124349&#8243; text_color_type=&#8221;uncode-palette&#8221;]Pol\u00edtica de privacidad[\/vc_custom_heading][\/vc_column][\/vc_row][vc_row][vc_column width=&#8221;1\/1&#8243;][vc_custom_heading text_transform=&#8221;uppercase&#8221; uncode_shortcode_id=&#8221;120878&#8243;]RESPONSABLE DEL TRATAMIENTO[\/vc_custom_heading][vc_column_text uncode_shortcode_id=&#8221;153677&#8243;]GRUPO RUCURIA EVENTS, SL, con domicilio a efectos de comunicaciones en Calle Finca, s\/n, 43360, Cornudella de Montsant y NIF B-56909302 (en adelante, \u00abSIURANELLA\u00bb) est\u00e1 comprometida con la protecci\u00f3n y la seguridad de los datos de car\u00e1cter personal que los usuarios o visitantes del sitio web www.siuranella.cat nos pudieran facilitar.<\/p>\n<p>Esta Pol\u00edtica de Privacidad tiene por objetivo informar a los usuarios y visitantes de nuestro sitio web &#8220;www.siuranella.cat&#8221; de todo lo relacionado con la recogida y el tratamiento de sus datos personales por parte de SIURANELLA.<\/p>\n<p>SIURANELLA se reserva el derecho de modificar y\/o actualizar esta Pol\u00edtica de forma peri\u00f3dica, a fin de adaptarla a la legislaci\u00f3n aplicable en cada momento, as\u00ed como a las pr\u00e1cticas leg\u00edtimas de SIURANELLA. En cualquier caso, el contenido de la nueva pol\u00edtica ser\u00e1 publicado en el sitio web y estar\u00e1 permanentemente disponible por los usuarios y visitantes. Se recomienda a los usuarios y visitantes que lean y consulten esta Pol\u00edtica de Privacidad cada vez que accedan a este sitio web.<\/p>\n<p>El acceso y navegaci\u00f3n general por los contenidos mostrados en el sitio web no requiere del registro por parte de los usuarios.[\/vc_column_text][vc_custom_heading text_transform=&#8221;uppercase&#8221; uncode_shortcode_id=&#8221;206254&#8243;]\u00bfC\u00d3MO RECOGER SIURANELLA LOS DATOS PERSONALES?[\/vc_custom_heading][vc_column_text uncode_shortcode_id=&#8221;449108&#8243;]SIURANELLA recoge la informaci\u00f3n del usuario o visitante de este sitio web en distintos momentos:<\/p>\n<p>A trav\u00e9s de &#8220;Contacto&#8221;, donde se solicita el nombre y apellidos y correo electr\u00f3nico de contacto.<br \/>\nDurante la navegaci\u00f3n por el sitio web, a trav\u00e9s de las Cookies. Consulta la <a href=\"https:\/\/siuranella.cat\/es\/politica-de-cookies\/\">Pol\u00edtica de Cookies<\/a>.[\/vc_column_text][vc_custom_heading text_transform=&#8221;uppercase&#8221; uncode_shortcode_id=&#8221;184721&#8243;]\u00bfPARA QU\u00c9 SE UTILIZAN LOS DATOS PERSONALES?[\/vc_custom_heading][vc_column_text uncode_shortcode_id=&#8221;165876&#8243;]Formularios de recogida de datos: En los formularios a trav\u00e9s de los cuales se recogen datos de car\u00e1cter personal, el Usuario recibir\u00e1 informaci\u00f3n detallada sobre el tratamiento de sus datos, sus finalidades, los posibles destinatarios de la informaci\u00f3n, en su caso, y el car\u00e1cter obligatorio o facultativo de sus respuestas a las preguntas oa la informaci\u00f3n que le sea solicitada.<\/p>\n<p>Finalidades: Todos los datos facilitados por el Usuario ser\u00e1n utilizados para facilitar la informaci\u00f3n solicitada. Asimismo, se enviar\u00e1 informaci\u00f3n por correo electr\u00f3nico de SIURANELLA.<\/p>\n<p>Sus datos no ser\u00e1n cedidos a ning\u00fan tercero. Sus datos ser\u00e1n conservados mientras no cause baja como usuario.[\/vc_column_text][vc_custom_heading text_transform=&#8221;uppercase&#8221; uncode_shortcode_id=&#8221;619091&#8243;]Cookies[\/vc_custom_heading][vc_column_text uncode_shortcode_id=&#8221;695500&#8243;]Desde el momento en que el visitante accede a nuestro sitio web, su direcci\u00f3n de Internet podr\u00eda quedar registrada en nuestras m\u00e1quinas en forma de archivos LOG (hist\u00f3ricos). En consecuencia, el Usuario deja rastro de la direcci\u00f3n IP que en cada sesi\u00f3n le haya asignado su proveedor de acceso, por lo que cada solicitud, consulta, visita o llamada a un elemento de un sitio web podr\u00eda quedar registrada. Sin embargo, los archivos LOG son an\u00f3nimos (de modo que no identifican el nombre y apellidos del usuario) y se utilizar\u00e1n \u00fanicamente para fines internos como la realizaci\u00f3n de estad\u00edsticas, para llevar un control de los accesos al sitio web. Igualmente, a trav\u00e9s de las cookies se puede almacenar y recuperar informaci\u00f3n sobre los h\u00e1bitos de navegaci\u00f3n de un Usuario o de su equipo y, dependiendo de la informaci\u00f3n que contengan y de la forma en que utilice su equipo, pueden utilizarse para reconocer al usuario. Consulta la <a href=\"https:\/\/siuranella.cat\/es\/politica-de-cookies\/\">Pol\u00edtica de Cookies<\/a>.[\/vc_column_text][vc_custom_heading text_transform=&#8221;uppercase&#8221; uncode_shortcode_id=&#8221;636772&#8243;]\u00bfC\u00d3MO DEBO ACTUALIZAR MIS DATOS PERSONALES?[\/vc_custom_heading][vc_column_text uncode_shortcode_id=&#8221;212401&#8243;]El Usuario garantiza que los datos personales facilitados a SIURANELLA a trav\u00e9s de este sitio web, mediante el cumplimiento del correspondiente formulario y de suscripci\u00f3n a la newsletter, son veraces, correctos, actuales y completos, y se hace responsable de comunicar a SIURANELLA cualquiera modificaci\u00f3n o actualizaci\u00f3n de las mismas.[\/vc_column_text][vc_custom_heading text_transform=&#8221;uppercase&#8221; uncode_shortcode_id=&#8221;130897&#8243;]\u00bfQU\u00c9 PASA SI FACILITO EN SIURANELLA DATOS DE TERCEROS?[\/vc_custom_heading][vc_column_text uncode_shortcode_id=&#8221;194026&#8243;]En caso de que el Usuario incluya en el formulario electr\u00f3nico correspondiente, datos de car\u00e1cter personal referentes a personas f\u00edsicas diferentes del Usuario, este deber\u00e1, con car\u00e1cter previo a la inclusi\u00f3n o comunicaci\u00f3n de sus datos a SIURANELLA, informar a estas personas sobre el contenido de esta Pol\u00edtica de Privacidad. El Usuario garantiza que ha obtenido el consentimiento previo de estos terceros para la comunicaci\u00f3n de sus datos personales a SIURANELLA.[\/vc_column_text][vc_custom_heading text_transform=&#8221;uppercase&#8221; uncode_shortcode_id=&#8221;104904&#8243;]\u00bfCU\u00c1NDO SE CONSIDERA QUE HE AUTORIZADO EN SIURANELLA PARA EL TRATAMIENTO DE MIS DATOS?[\/vc_custom_heading][vc_column_text uncode_shortcode_id=&#8221;195447&#8243;]Legitimaci\u00f3n: Desde el momento en que el Usuario marca la casilla de lectura y aceptaci\u00f3n de la Pol\u00edtica de Tratamiento de Datos, habilitada junto al formulario electr\u00f3nico de recogida de datos, nos otorga su consentimiento inequ\u00edvoco, libre y revocable y nos autoriza expresamente a tratar sus datos personales con los fines descritos al pie del formulario y\/o en esta Pol\u00edtica de Privacidad.[\/vc_column_text][vc_custom_heading text_transform=&#8221;uppercase&#8221; uncode_shortcode_id=&#8221;142234&#8243;]\u00bfCU\u00c1NTO DE TIEMPO SE CONSERVARAN LOS DATOS?[\/vc_custom_heading][vc_column_text uncode_shortcode_id=&#8221;788285&#8243;]Los datos de los usuarios e interesados \u200b\u200bse conservar\u00e1n durante el tiempo necesario para el cumplimiento de la finalidad por la que se recogieron y durante el tiempo que sea necesario para determinar las posibles responsabilidades que pudieran derivarse de esta finalidad y del tratamiento de los datos, adem\u00e1s de los per\u00edodos establecidos por la normativa de archivos y documentaci\u00f3n.[\/vc_column_text][vc_custom_heading text_transform=&#8221;uppercase&#8221; uncode_shortcode_id=&#8221;213064&#8243;]DERECHOS DE LOS INTERESADOS[\/vc_custom_heading][vc_column_text uncode_shortcode_id=&#8221;113561&#8243;]Le informamos que puede ejercer los siguientes derechos:<\/p>\n<p>1. Derecho de acceso a sus datos personales, para saber cu\u00e1les est\u00e1n siendo objeto de tratamiento y las operaciones de tratamiento realizadas con ellas.<br \/>\n2. Derecho de rectificaci\u00f3n de cualquier dato personal inexacto.<br \/>\n3. Derecho de supresi\u00f3n de sus datos personales, cuando esto sea posible (por ejemplo, por imperativo legal).<br \/>\n4. Derecho de limitaci\u00f3n del tratamiento de sus datos personales cuando la exactitud, legalidad o necesidad del tratamiento de los datos resulte dudosa, en cuyo caso, podremos conservarlos para el ejercicio o la defensa de reclamaciones.<br \/>\n5. Derecho de oposici\u00f3n al tratamiento de sus datos personales, cuando la base legal que nos habilite para su tratamiento sea nuestro inter\u00e9s leg\u00edtimo. SIURANELLA dejar\u00e1 de tratar sus datos, salvo que tenga un inter\u00e9s leg\u00edtimo o sea necesario para la defensa de reclamaciones.<br \/>\n6. Derecho a la portabilidad de sus datos, cuando la base legal que nos habilite para su tratamiento sea la existencia de una relaci\u00f3n contractual o su consentimiento.<br \/>\n7. Derecho a revocar el consentimiento otorgado a SIURANELLA.[\/vc_column_text][vc_custom_heading text_transform=&#8221;uppercase&#8221; uncode_shortcode_id=&#8221;186986&#8243;]TUTELA DE DERECHOS[\/vc_custom_heading][vc_column_text uncode_shortcode_id=&#8221;171404&#8243;]En caso de que considere que sus derechos han sido desatendidos por parte de nuestra entidad, puede formular una reclamaci\u00f3n a la Agencia Espa\u00f1ola de Protecci\u00f3n de Datos, a trav\u00e9s de alguna de las siguientes v\u00edas:<\/p>\n<p>\u2013 Sede electr\u00f3nica: https:\/\/www.aepd.es<br \/>\n\u2013 Correo postal: Agencia Espa\u00f1ola de Protecci\u00f3n de Datos, C\/ Jorge Juan, 6, 28001, Madrid<br \/>\n\u2013 Tel\u00e9fono: 901.100.099 y 912.663.517<\/p>\n<p>Formular una reclamaci\u00f3n a la Agencia Espa\u00f1ola de Protecci\u00f3n de Datos no comporta coste alguno y no es necesaria la asistencia de letrado ni procurador.[\/vc_column_text][vc_custom_heading text_transform=&#8221;uppercase&#8221; uncode_shortcode_id=&#8221;389304&#8243;]SEGURIDAD DE SUS DATOS PERSONALES[\/vc_custom_heading][vc_column_text uncode_shortcode_id=&#8221;142024&#8243;]Con el objetivo de salvaguardar la seguridad de sus datos personales, le informamos que hemos adoptado todas las medidas de tipo t\u00e9cnico y organizativo necesarias para garantizar la seguridad de los datos personales suministrados, su alteraci\u00f3n, p\u00e9rdida y tratamientos o accesos no autorizados.[\/vc_column_text][vc_custom_heading text_transform=&#8221;uppercase&#8221; uncode_shortcode_id=&#8221;180371&#8243;]Actualizaciones[\/vc_custom_heading][vc_column_text uncode_shortcode_id=&#8221;160763&#8243;]SIURANELLA se reserva el derecho a modificar la presente pol\u00edtica para adaptarla a novedades legislativas o jurisprudenciales que puedan afectar al cumplimiento de la misma.[\/vc_column_text][\/vc_column][\/vc_row][vc_row][vc_column width=&#8221;1\/1&#8243;][vc_empty_space empty_h=&#8221;2&#8243;][\/vc_column][\/vc_row]<\/p>\n<\/div>","protected":false},"excerpt":{"rendered":"<p>[vc_row row_height_percent=&#8221;0&#8243; override_padding=&#8221;yes&#8221; h_padding=&#8221;2&#8243; top_padding=&#8221;3&#8243; bottom_padding=&#8221;4&#8243; back_color=&#8221;color-143788&#8243; overlay_alpha=&#8221;50&#8243; gutter_size=&#8221;4&#8243; column_width_percent=&#8221;100&#8243; shift_y=&#8221;0&#8243; z_index=&#8221;0&#8243; uncode_shortcode_id=&#8221;393469&#8243; back_color_type=&#8221;uncode-palette&#8221;][vc_column column_width_percent=&#8221;100&#8243; align_horizontal=&#8221;align_center&#8221; gutter_size=&#8221;4&#8243; overlay_alpha=&#8221;50&#8243; shift_x=&#8221;0&#8243; shift_y=&#8221;0&#8243; [&hellip;]<\/p>\n","protected":false},"author":1,"featured_media":0,"parent":0,"menu_order":0,"comment_status":"closed","ping_status":"closed","template":"","meta":{"footnotes":""},"class_list":["post-132584","page","type-page","status-publish","hentry"],"_links":{"self":[{"href":"https:\/\/siuranella.cat\/es\/wp-json\/wp\/v2\/pages\/132584","targetHints":{"allow":["GET"]}}],"collection":[{"href":"https:\/\/siuranella.cat\/es\/wp-json\/wp\/v2\/pages"}],"about":[{"href":"https:\/\/siuranella.cat\/es\/wp-json\/wp\/v2\/types\/page"}],"author":[{"embeddable":true,"href":"https:\/\/siuranella.cat\/es\/wp-json\/wp\/v2\/users\/1"}],"replies":[{"embeddable":true,"href":"https:\/\/siuranella.cat\/es\/wp-json\/wp\/v2\/comments?post=132584"}],"version-history":[{"count":15,"href":"https:\/\/siuranella.cat\/es\/wp-json\/wp\/v2\/pages\/132584\/revisions"}],"predecessor-version":[{"id":132831,"href":"https:\/\/siuranella.cat\/es\/wp-json\/wp\/v2\/pages\/132584\/revisions\/132831"}],"wp:attachment":[{"href":"https:\/\/siuranella.cat\/es\/wp-json\/wp\/v2\/media?parent=132584"}],"curies":[{"name":"wp","href":"https:\/\/api.w.org\/{rel}","templated":true}]}}