{"id":132555,"date":"2024-03-05T12:57:25","date_gmt":"2024-03-05T10:57:25","guid":{"rendered":"https:\/\/siuranella.cat\/habitaciones\/"},"modified":"2026-04-21T16:48:20","modified_gmt":"2026-04-21T14:48:20","slug":"habitaciones","status":"publish","type":"page","link":"https:\/\/siuranella.cat\/es\/habitaciones\/","title":{"rendered":"Habitaciones"},"content":{"rendered":"<div class=\"wpb-content-wrapper\"><p>[vc_row row_height_percent=&#8221;0&#8243; override_padding=&#8221;yes&#8221; h_padding=&#8221;2&#8243; top_padding=&#8221;3&#8243; bottom_padding=&#8221;1&#8243; back_color=&#8221;color-143788&#8243; overlay_alpha=&#8221;50&#8243; gutter_size=&#8221;4&#8243; column_width_percent=&#8221;100&#8243; shift_y=&#8221;0&#8243; z_index=&#8221;0&#8243; uncode_shortcode_id=&#8221;919167&#8243; back_color_type=&#8221;uncode-palette&#8221;][vc_column column_width_percent=&#8221;100&#8243; align_horizontal=&#8221;align_center&#8221; gutter_size=&#8221;4&#8243; overlay_alpha=&#8221;50&#8243; shift_x=&#8221;0&#8243; shift_y=&#8221;0&#8243; shift_y_down=&#8221;0&#8243; z_index=&#8221;0&#8243; medium_width=&#8221;0&#8243; mobile_width=&#8221;0&#8243; width=&#8221;1\/1&#8243; uncode_shortcode_id=&#8221;143161&#8243;][vc_custom_heading text_color=&#8221;color-194494&#8243; text_font=&#8221;font-546750&#8243; text_size=&#8221;fontsize-151193&#8243; text_weight=&#8221;200&#8243; uncode_shortcode_id=&#8221;469384&#8243; text_color_type=&#8221;uncode-palette&#8221;]Habitaciones[\/vc_custom_heading][\/vc_column][\/vc_row][vc_row row_height_percent=&#8221;0&#8243; override_padding=&#8221;yes&#8221; h_padding=&#8221;2&#8243; top_padding=&#8221;5&#8243; bottom_padding=&#8221;4&#8243; back_color=&#8221;color-143788&#8243; overlay_alpha=&#8221;50&#8243; gutter_size=&#8221;4&#8243; column_width_percent=&#8221;100&#8243; shift_y=&#8221;0&#8243; z_index=&#8221;0&#8243; uncode_shortcode_id=&#8221;990234&#8243; back_color_type=&#8221;uncode-palette&#8221;][vc_column column_width_percent=&#8221;100&#8243; align_horizontal=&#8221;align_center&#8221; gutter_size=&#8221;4&#8243; overlay_alpha=&#8221;50&#8243; shift_x=&#8221;0&#8243; shift_y=&#8221;0&#8243; shift_y_down=&#8221;0&#8243; z_index=&#8221;0&#8243; medium_width=&#8221;0&#8243; mobile_width=&#8221;0&#8243; width=&#8221;1\/1&#8243; uncode_shortcode_id=&#8221;143161&#8243;][vc_row_inner row_inner_height_percent=&#8221;0&#8243; overlay_alpha=&#8221;50&#8243; gutter_size=&#8221;4&#8243; shift_y=&#8221;0&#8243; z_index=&#8221;0&#8243; limit_content=&#8221;&#8221; uncode_shortcode_id=&#8221;153691&#8243;][vc_column_inner column_width_use_pixel=&#8221;yes&#8221; align_horizontal=&#8221;align_center&#8221; gutter_size=&#8221;2&#8243; override_padding=&#8221;yes&#8221; column_padding=&#8221;2&#8243; font_family=&#8221;font-469684&#8243; overlay_alpha=&#8221;50&#8243; shift_x=&#8221;0&#8243; shift_y=&#8221;0&#8243; shift_y_down=&#8221;0&#8243; z_index=&#8221;0&#8243; medium_width=&#8221;0&#8243; mobile_width=&#8221;0&#8243; width=&#8221;1\/1&#8243; uncode_shortcode_id=&#8221;828408&#8243; column_width_pixel=&#8221;810&#8243;][vc_custom_heading text_color=&#8221;color-194494&#8243; text_font=&#8221;font-546750&#8243; text_size=&#8221;fontsize-155944&#8243; text_weight=&#8221;400&#8243; text_transform=&#8221;uppercase&#8221; uncode_shortcode_id=&#8221;207549&#8243; text_color_type=&#8221;uncode-palette&#8221;]Nuestras habitaciones, una combinaci\u00f3n del estilo de las casas antiguas del Priorat y el m\u00e1ximo confort[\/vc_custom_heading][vc_custom_heading text_font=&#8221;font-107673&#8243; text_size=&#8221;fontsize-144500&#8243; text_weight=&#8221;400&#8243; text_height=&#8221;fontheight-357766&#8243; text_space=&#8221;fontspace-421891&#8243; uncode_shortcode_id=&#8221;194662&#8243;]Todas las habitaciones son exteriores, con ventanas que dan al pueblo o a las monta\u00f1as.[\/vc_custom_heading][vc_custom_heading text_font=&#8221;font-107673&#8243; text_size=&#8221;fontsize-144500&#8243; text_weight=&#8221;400&#8243; text_height=&#8221;fontheight-357766&#8243; text_space=&#8221;fontspace-421891&#8243; uncode_shortcode_id=&#8221;760781&#8243;]Todas las estancias incluyen un desayuno mediterr\u00e1neo completo. Puede reservar en cualquiera de nuestros restaurantes del grupo: Restaurante Antigua Serradora, Brichs y Quatre Molins, restaurante galardonado con una estrella Michelin y que pueden cenar en el hotel.[\/vc_custom_heading][\/vc_column_inner][\/vc_row_inner][\/vc_column][\/vc_row][vc_row row_height_percent=&#8221;0&#8243; override_padding=&#8221;yes&#8221; h_padding=&#8221;2&#8243; top_padding=&#8221;5&#8243; bottom_padding=&#8221;3&#8243; back_color=&#8221;color-936290&#8243; overlay_alpha=&#8221;100&#8243; gutter_size=&#8221;100&#8243; column_width_percent=&#8221;100&#8243; shift_y=&#8221;0&#8243; z_index=&#8221;0&#8243; style=&#8221;inherited&#8221; uncode_shortcode_id=&#8221;740689&#8243; back_color_type=&#8221;uncode-palette&#8221;][vc_column column_width_percent=&#8221;100&#8243; align_horizontal=&#8221;align_center&#8221; gutter_size=&#8221;3&#8243; overlay_alpha=&#8221;50&#8243; shift_x=&#8221;0&#8243; shift_y=&#8221;0&#8243; medium_width=&#8221;0&#8243; zoom_width=&#8221;0&#8243; zoom_height=&#8221;0&#8243; width=&#8221;1\/1&#8243;][vc_gallery el_id=&#8221;gallery-12&#8243; type=&#8221;carousel&#8221; medias=&#8221;131185,131190,131186,131189,131187,131192,131188&#8243; carousel_lg=&#8221;1&#8243; carousel_md=&#8221;1&#8243; carousel_sm=&#8221;1&#8243; thumb_size=&#8221;sixteen-nine&#8221; gutter_size=&#8221;4&#8243; media_items=&#8221;media|lightbox|original&#8221; carousel_height=&#8221;equal&#8221; carousel_type=&#8221;fade&#8221; carousel_interval=&#8221;5000&#8243; carousel_navspeed=&#8221;400&#8243; carousel_loop=&#8221;yes&#8221; carousel_overflow=&#8221;yes&#8221; carousel_dots=&#8221;yes&#8221; carousel_dots_mobile=&#8221;yes&#8221; stage_padding=&#8221;0&#8243; single_overlay_opacity=&#8221;50&#8243; single_overlay_anim=&#8221;no&#8221; single_text_anim=&#8221;no&#8221; single_image_anim=&#8221;no&#8221; single_h_align=&#8221;center&#8221; single_padding=&#8221;2&#8243; single_icon=&#8221;fa fa-plus2&#8243; single_border=&#8221;yes&#8221; lbox_transparency=&#8221;opaque&#8221; lbox_caption=&#8221;yes&#8221; lbox_transition=&#8221;lg-fade&#8221; no_double_tap=&#8221;yes&#8221; carousel_rtl=&#8221;&#8221; single_title_uppercase=&#8221;&#8221; single_title_bold=&#8221;&#8221; single_title_serif=&#8221;&#8221; onclick=&#8221;link_image&#8221; custom_links_target=&#8221;_self&#8221; items=&#8221;eyI4ODY4X2kiOnsic2luZ2xlX3dpZHRoIjoiNCIsInNpbmdsZV9oZWlnaHQiOiI0In0sIjg4NjJfaSI6eyJzaW5nbGVfd2lkdGgiOiI0Iiwic2luZ2xlX2hlaWdodCI6IjQifSwiODg2MF9pIjp7InNpbmdsZV93aWR0aCI6IjQiLCJzaW5nbGVfaGVpZ2h0IjoiNCJ9LCIyNjIxOF9pIjp7InNpbmdsZV93aWR0aCI6IjQiLCJzaW5nbGVfaGVpZ2h0IjoiNCJ9LCIyNjIyNF9pIjp7InNpbmdsZV93aWR0aCI6IjQiLCJzaW5nbGVfaGVpZ2h0IjoiNCJ9LCIyNjIyMl9pIjp7InNpbmdsZV93aWR0aCI6IjQiLCJzaW5nbGVfaGVpZ2h0IjoiNCJ9LCIyNjIyOV9pIjp7InNpbmdsZV93aWR0aCI6IjQiLCJzaW5nbGVfaGVpZ2h0IjoiNCJ9fQ==&#8221; single_half_padding=&#8221;&#8221; single_no_background=&#8221;&#8221; uncode_shortcode_id=&#8221;472114&#8243;][\/vc_column][\/vc_row][vc_row row_height_percent=&#8221;0&#8243; override_padding=&#8221;yes&#8221; h_padding=&#8221;2&#8243; top_padding=&#8221;0&#8243; bottom_padding=&#8221;5&#8243; back_color=&#8221;color-936290&#8243; overlay_alpha=&#8221;50&#8243; gutter_size=&#8221;3&#8243; column_width_percent=&#8221;100&#8243; shift_y=&#8221;0&#8243; z_index=&#8221;0&#8243; uncode_shortcode_id=&#8221;847989&#8243; back_color_type=&#8221;uncode-palette&#8221;][vc_column column_width_percent=&#8221;100&#8243; position_vertical=&#8221;middle&#8221; gutter_size=&#8221;3&#8243; style=&#8221;dark&#8221; overlay_alpha=&#8221;50&#8243; border_color=&#8221;color-208087&#8243; border_style=&#8221;solid&#8221; shift_x=&#8221;0&#8243; shift_y=&#8221;0&#8243; shift_y_down=&#8221;0&#8243; z_index=&#8221;0&#8243; medium_width=&#8221;0&#8243; align_mobile=&#8221;align_center_mobile&#8221; mobile_width=&#8221;0&#8243; width=&#8221;1\/1&#8243; uncode_shortcode_id=&#8221;154560&#8243; border_color_type=&#8221;uncode-palette&#8221;][vc_custom_heading heading_semantic=&#8221;h3&#8243; text_size=&#8221;fontsize-155944&#8243; text_weight=&#8221;400&#8243; text_transform=&#8221;uppercase&#8221; uncode_shortcode_id=&#8221;205898&#8243;]Habitaciones[\/vc_custom_heading][vc_separator sep_color=&#8221;accent&#8221; uncode_shortcode_id=&#8221;187783&#8243; sep_color_type=&#8221;uncode-palette&#8221;][vc_row_inner row_inner_height_percent=&#8221;0&#8243; overlay_alpha=&#8221;50&#8243; equal_height=&#8221;yes&#8221; gutter_size=&#8221;3&#8243; border_color=&#8221;color-208087&#8243; border_style=&#8221;solid&#8221; shift_y=&#8221;0&#8243; z_index=&#8221;0&#8243; limit_content=&#8221;&#8221; uncode_shortcode_id=&#8221;149843&#8243; border_color_type=&#8221;uncode-palette&#8221;][vc_column_inner column_width_percent=&#8221;100&#8243; gutter_size=&#8221;3&#8243; style=&#8221;dark&#8221; overlay_alpha=&#8221;50&#8243; border_color=&#8221;color-208087&#8243; border_style=&#8221;solid&#8221; shift_x=&#8221;0&#8243; shift_y=&#8221;0&#8243; shift_y_down=&#8221;0&#8243; z_index=&#8221;0&#8243; medium_width=&#8221;0&#8243; align_mobile=&#8221;align_center_mobile&#8221; mobile_width=&#8221;0&#8243; width=&#8221;1\/2&#8243; uncode_shortcode_id=&#8221;333092&#8243; border_color_type=&#8221;uncode-palette&#8221;][vc_custom_heading text_font=&#8221;font-107673&#8243; text_size=&#8221;fontsize-144500&#8243; text_weight=&#8221;400&#8243; text_height=&#8221;fontheight-357766&#8243; text_space=&#8221;fontspace-421891&#8243; uncode_shortcode_id=&#8221;446628&#8243;]Disfrute del magn\u00edfico paraje de esta comarca vin\u00edcola que se puede observar a trav\u00e9s de nuestras ventanas, as\u00ed como del detalle y cuidado que hemos puesto en cada una de las 6 fant\u00e1sticas habitaciones.[\/vc_custom_heading][vc_custom_heading text_font=&#8221;font-107673&#8243; text_size=&#8221;fontsize-144500&#8243; text_weight=&#8221;400&#8243; text_height=&#8221;fontheight-357766&#8243; text_space=&#8221;fontspace-421891&#8243; uncode_shortcode_id=&#8221;145050&#8243;]Habitaciones de 16 m\u00b2, camas de madera tama\u00f1o &#8216;Queen&#8217;, y 3 almohadas a elegir para que pueda elegir el que m\u00e1s se adecua a su descanso.[\/vc_custom_heading][vc_custom_heading text_font=&#8221;font-107673&#8243; text_size=&#8221;h6&#8243; text_weight=&#8221;400&#8243; text_height=&#8221;fontheight-357766&#8243; text_space=&#8221;fontspace-421891&#8243; uncode_shortcode_id=&#8221;577718&#8243;]Les habitacions amb vistes al Montsant consten d&#8217;un preu de 205 \u20ac\/nit.<br \/>\nLes habitacions amb vistes al poble consten d&#8217;un preu de 195 \u20ac\/nit.[\/vc_custom_heading][vc_custom_heading text_font=&#8221;font-107673&#8243; text_size=&#8221;h6&#8243; text_weight=&#8221;400&#8243; text_height=&#8221;fontheight-357766&#8243; text_space=&#8221;fontspace-421891&#8243; uncode_shortcode_id=&#8221;180717&#8243;]Check-in a partir de las 16:00 h.<br \/>\nCheck-out hasta las 11:00 h.[\/vc_custom_heading][vc_custom_heading text_font=&#8221;font-107673&#8243; text_size=&#8221;h6&#8243; text_weight=&#8221;400&#8243; text_height=&#8221;fontheight-357766&#8243; text_space=&#8221;fontspace-421891&#8243; uncode_shortcode_id=&#8221;127432&#8243;]Tiene la opci\u00f3n de hacer el auto check-in online, ya que la recepci\u00f3n no est\u00e1 abierta las 24 horas. Si cree que llegar\u00e1 fuera del horario de la recepci\u00f3n, p\u00f3ngase en contacto con nosotros.[\/vc_custom_heading][vc_button size=&#8221;btn-lg&#8221; outline=&#8221;yes&#8221; text_skin=&#8221;yes&#8221; custom_typo=&#8221;yes&#8221; font_family=&#8221;font-546750&#8243; font_weight=&#8221;400&#8243; letter_spacing=&#8221;fontspace-210350&#8243; border_width=&#8221;0&#8243; link=&#8221;url:https%3A%2F%2Fsiuranella.cat%2Fes%2Freservar%2F|title:Experiencias|target:_blank|&#8221; uncode_shortcode_id=&#8221;134639&#8243; el_class=&#8221;.style-dark .btn-default.btn-outline:not(.icon-animated):not(.icon-automatic-video):hover{ color: #b5ae8e !important; background-color: #b5ae8e !important; border-color: #f1efe2 !important; }&#8221;]RESERVA AHORA[\/vc_button][\/vc_column_inner][vc_column_inner column_width_percent=&#8221;100&#8243; position_horizontal=&#8221;left&#8221; gutter_size=&#8221;2&#8243; style=&#8221;dark&#8221; overlay_alpha=&#8221;50&#8243; shift_x=&#8221;0&#8243; shift_y=&#8221;0&#8243; shift_y_down=&#8221;0&#8243; z_index=&#8221;0&#8243; medium_width=&#8221;0&#8243; align_mobile=&#8221;align_left_mobile&#8221; mobile_width=&#8221;0&#8243; width=&#8221;1\/4&#8243; uncode_shortcode_id=&#8221;697977&#8243;][vc_icon position=&#8221;left&#8221; icon_image=&#8221;130853&#8243; icon_color=&#8221;accent&#8221; text_size=&#8221;h6&#8243; text_weight=&#8221;600&#8243; text_height=&#8221;fontheight-160136&#8243; title=&#8221;COLCH\u00d3N PREMIUM Y S\u00c1BANAS DE 300 HILOS&#8221; link=&#8221;|||&#8221; uncode_shortcode_id=&#8221;342522&#8243; icon_color_type=&#8221;uncode-palette&#8221;][\/vc_icon][vc_icon position=&#8221;left&#8221; icon_image=&#8221;130873&#8243; icon_color=&#8221;accent&#8221; heading_semantic=&#8221;h4&#8243; text_size=&#8221;h6&#8243; text_weight=&#8221;600&#8243; text_height=&#8221;fontheight-160136&#8243; title=&#8221;ALBORNOZ&#8221; link=&#8221;|||&#8221; uncode_shortcode_id=&#8221;383066&#8243; icon_color_type=&#8221;uncode-palette&#8221;][\/vc_icon][vc_icon position=&#8221;left&#8221; icon_image=&#8221;130871&#8243; icon_color=&#8221;accent&#8221; text_size=&#8221;h6&#8243; text_weight=&#8221;600&#8243; text_height=&#8221;fontheight-160136&#8243; title=&#8221;ZAPATILLAS&#8221; link=&#8221;|||&#8221; uncode_shortcode_id=&#8221;175307&#8243; icon_color_type=&#8221;uncode-palette&#8221;][\/vc_icon][vc_icon position=&#8221;left&#8221; icon_image=&#8221;130875&#8243; icon_color=&#8221;accent&#8221; text_size=&#8221;h6&#8243; text_weight=&#8221;600&#8243; text_height=&#8221;fontheight-160136&#8243; title=&#8221;TELEVISI\u00d3N&#8221; link=&#8221;|||&#8221; uncode_shortcode_id=&#8221;516487&#8243; icon_color_type=&#8221;uncode-palette&#8221;][\/vc_icon][vc_icon position=&#8221;left&#8221; icon_image=&#8221;130878&#8243; icon_color=&#8221;accent&#8221; text_size=&#8221;h6&#8243; text_weight=&#8221;600&#8243; text_height=&#8221;fontheight-160136&#8243; title=&#8221;AUTO CHECK-IN&#8221; link=&#8221;|||&#8221; uncode_shortcode_id=&#8221;185221&#8243; icon_color_type=&#8221;uncode-palette&#8221;][\/vc_icon][\/vc_column_inner][vc_column_inner column_width_percent=&#8221;100&#8243; position_horizontal=&#8221;left&#8221; gutter_size=&#8221;2&#8243; style=&#8221;dark&#8221; overlay_alpha=&#8221;50&#8243; shift_x=&#8221;0&#8243; shift_y=&#8221;0&#8243; shift_y_down=&#8221;0&#8243; z_index=&#8221;0&#8243; medium_width=&#8221;0&#8243; mobile_width=&#8221;0&#8243; width=&#8221;1\/4&#8243; uncode_shortcode_id=&#8221;532523&#8243;][vc_icon position=&#8221;left&#8221; icon_image=&#8221;130854&#8243; icon_color=&#8221;accent&#8221; text_size=&#8221;h6&#8243; text_weight=&#8221;600&#8243; title=&#8221;ASEO CON DUCHA&#8221; link=&#8221;|||&#8221; uncode_shortcode_id=&#8221;164414&#8243; icon_color_type=&#8221;uncode-palette&#8221;][\/vc_icon][vc_icon position=&#8221;left&#8221; icon_image=&#8221;130862&#8243; icon_color=&#8221;accent&#8221; text_size=&#8221;h6&#8243; text_weight=&#8221;600&#8243; text_height=&#8221;fontheight-160136&#8243; title=&#8221;DISPENSADORES RITUALES&#8221; link=&#8221;|||&#8221; uncode_shortcode_id=&#8221;162302&#8243; icon_color_type=&#8221;uncode-palette&#8221;][\/vc_icon][vc_icon position=&#8221;left&#8221; icon_image=&#8221;130857&#8243; icon_color=&#8221;accent&#8221; text_size=&#8221;h6&#8243; text_weight=&#8221;600&#8243; title=&#8221;TOALLAS&#8221; link=&#8221;|||&#8221; uncode_shortcode_id=&#8221;151674&#8243; icon_color_type=&#8221;uncode-palette&#8221;][\/vc_icon][vc_icon position=&#8221;left&#8221; icon_image=&#8221;130877&#8243; icon_color=&#8221;accent&#8221; text_size=&#8221;h6&#8243; text_weight=&#8221;600&#8243; text_height=&#8221;fontheight-160136&#8243; title=&#8221;WIFI&#8221; link=&#8221;|||&#8221; uncode_shortcode_id=&#8221;192607&#8243; icon_color_type=&#8221;uncode-palette&#8221;][\/vc_icon][\/vc_column_inner][\/vc_row_inner][\/vc_column][\/vc_row][vc_row row_height_percent=&#8221;0&#8243; override_padding=&#8221;yes&#8221; h_padding=&#8221;2&#8243; top_padding=&#8221;5&#8243; bottom_padding=&#8221;5&#8243; back_color=&#8221;color-143788&#8243; overlay_alpha=&#8221;50&#8243; gutter_size=&#8221;4&#8243; column_width_percent=&#8221;100&#8243; shift_y=&#8221;0&#8243; z_index=&#8221;0&#8243; inverted_device_order=&#8221;yes&#8221; uncode_shortcode_id=&#8221;507054&#8243; back_color_type=&#8221;uncode-palette&#8221;][vc_column column_width_percent=&#8221;100&#8243; position_horizontal=&#8221;left&#8221; position_vertical=&#8221;middle&#8221; gutter_size=&#8221;3&#8243; font_family=&#8221;font-469684&#8243; overlay_alpha=&#8221;50&#8243; shift_x=&#8221;0&#8243; shift_y=&#8221;0&#8243; shift_y_down=&#8221;0&#8243; z_index=&#8221;0&#8243; medium_width=&#8221;4&#8243; align_mobile=&#8221;align_center_mobile&#8221; mobile_width=&#8221;0&#8243; width=&#8221;1\/2&#8243; uncode_shortcode_id=&#8221;910195&#8243;][vc_custom_heading heading_semantic=&#8221;h3&#8243; text_font=&#8221;font-546750&#8243; text_size=&#8221;fontsize-155944&#8243; text_weight=&#8221;400&#8243; text_transform=&#8221;uppercase&#8221; sub_lead=&#8221;yes&#8221; uncode_shortcode_id=&#8221;218611&#8243;]Parking[\/vc_custom_heading][vc_custom_heading heading_semantic=&#8221;h3&#8243; text_font=&#8221;font-107673&#8243; text_size=&#8221;fontsize-144500&#8243; text_weight=&#8221;400&#8243; text_height=&#8221;fontheight-357766&#8243; text_space=&#8221;fontspace-421891&#8243; sub_lead=&#8221;yes&#8221; uncode_shortcode_id=&#8221;131688&#8243;]Dado que Siurana es un pueblo emblem\u00e1tico y de acceso restringido, dispone de aparcamiento obligatorio en la entrada del pueblo con un coste de 3 \u20ac al d\u00eda. No se puede reservar. Todos los hu\u00e9spedes del hotel podr\u00e1n aparcar en el parking 1.[\/vc_custom_heading][vc_custom_heading heading_semantic=&#8221;h3&#8243; text_font=&#8221;font-107673&#8243; text_size=&#8221;fontsize-144500&#8243; text_weight=&#8221;400&#8243; text_height=&#8221;fontheight-357766&#8243; text_space=&#8221;fontspace-421891&#8243; sub_lead=&#8221;yes&#8221; uncode_shortcode_id=&#8221;172722&#8243;]Sin embargo, en caso de que necesite descargar un equipaje voluminoso puede entrar dentro del pueblo, teniendo en cuenta que es un pueblo de piedra con calles estrechas y dif\u00edcil de maniobrar. Despu\u00e9s podr\u00e1 aparcar en el parking 1.[\/vc_custom_heading][vc_custom_heading heading_semantic=&#8221;h3&#8243; text_font=&#8221;font-107673&#8243; text_size=&#8221;fontsize-144500&#8243; text_weight=&#8221;400&#8243; text_height=&#8221;fontheight-357766&#8243; text_space=&#8221;fontspace-421891&#8243; sub_lead=&#8221;yes&#8221; uncode_shortcode_id=&#8221;581828&#8243;]Le recomendamos que lleve calzado c\u00f3modo.[\/vc_custom_heading][\/vc_column][vc_column column_width_percent=&#8221;100&#8243; gutter_size=&#8221;3&#8243; overlay_alpha=&#8221;50&#8243; shift_x=&#8221;0&#8243; shift_y=&#8221;0&#8243; shift_y_down=&#8221;0&#8243; z_index=&#8221;0&#8243; medium_width=&#8221;4&#8243; mobile_width=&#8221;0&#8243; width=&#8221;1\/2&#8243; el_class=&#8221;image-card image-card-inverted image-card-triple&#8221; uncode_shortcode_id=&#8221;222494&#8243;][vc_single_image media=&#8221;132918&#8243; media_width_percent=&#8221;100&#8243; media_ratio=&#8221;one-one&#8221; alignment=&#8221;right&#8221; uncode_shortcode_id=&#8221;191734&#8243;][vc_single_image media=&#8221;132908&#8243; media_width_percent=&#8221;100&#8243; media_ratio=&#8221;one-one&#8221; alignment=&#8221;right&#8221; css_animation=&#8221;parallax&#8221; parallax_intensity=&#8221;2&#8243; uncode_shortcode_id=&#8221;128536&#8243;][vc_single_image media=&#8221;132902&#8243; media_width_percent=&#8221;100&#8243; media_ratio=&#8221;one-one&#8221; alignment=&#8221;right&#8221; css_animation=&#8221;parallax&#8221; parallax_intensity=&#8221;3&#8243; uncode_shortcode_id=&#8221;117965&#8243;][uncode_vertical_text position=&#8221;right&#8221; flip=&#8221;yes&#8221; vertical_text_h_pos=&#8221;1&#8243; z_index=&#8221;0&#8243; text_font=&#8221;font-546750&#8243; text_size=&#8221;h6&#8243; text_weight=&#8221;500&#8243; text_transform=&#8221;uppercase&#8221; text_space=&#8221;fontspace-210350&#8243; medium_visibility=&#8221;yes&#8221; mobile_visibility=&#8221;yes&#8221; uncode_shortcode_id=&#8221;168401&#8243;]Carrers d&#8217;una altra \u00e8poca[\/uncode_vertical_text][\/vc_column][\/vc_row]<\/p>\n<\/div>","protected":false},"excerpt":{"rendered":"<p>[vc_row row_height_percent=&#8221;0&#8243; override_padding=&#8221;yes&#8221; h_padding=&#8221;2&#8243; top_padding=&#8221;3&#8243; bottom_padding=&#8221;1&#8243; back_color=&#8221;color-143788&#8243; overlay_alpha=&#8221;50&#8243; gutter_size=&#8221;4&#8243; column_width_percent=&#8221;100&#8243; shift_y=&#8221;0&#8243; z_index=&#8221;0&#8243; uncode_shortcode_id=&#8221;919167&#8243; back_color_type=&#8221;uncode-palette&#8221;][vc_column column_width_percent=&#8221;100&#8243; align_horizontal=&#8221;align_center&#8221; gutter_size=&#8221;4&#8243; overlay_alpha=&#8221;50&#8243; shift_x=&#8221;0&#8243; shift_y=&#8221;0&#8243; [&hellip;]<\/p>\n","protected":false},"author":1,"featured_media":0,"parent":0,"menu_order":0,"comment_status":"closed","ping_status":"closed","template":"","meta":{"footnotes":""},"class_list":["post-132555","page","type-page","status-publish","hentry"],"_links":{"self":[{"href":"https:\/\/siuranella.cat\/es\/wp-json\/wp\/v2\/pages\/132555","targetHints":{"allow":["GET"]}}],"collection":[{"href":"https:\/\/siuranella.cat\/es\/wp-json\/wp\/v2\/pages"}],"about":[{"href":"https:\/\/siuranella.cat\/es\/wp-json\/wp\/v2\/types\/page"}],"author":[{"embeddable":true,"href":"https:\/\/siuranella.cat\/es\/wp-json\/wp\/v2\/users\/1"}],"replies":[{"embeddable":true,"href":"https:\/\/siuranella.cat\/es\/wp-json\/wp\/v2\/comments?post=132555"}],"version-history":[{"count":50,"href":"https:\/\/siuranella.cat\/es\/wp-json\/wp\/v2\/pages\/132555\/revisions"}],"predecessor-version":[{"id":133546,"href":"https:\/\/siuranella.cat\/es\/wp-json\/wp\/v2\/pages\/132555\/revisions\/133546"}],"wp:attachment":[{"href":"https:\/\/siuranella.cat\/es\/wp-json\/wp\/v2\/media?parent=132555"}],"curies":[{"name":"wp","href":"https:\/\/api.w.org\/{rel}","templated":true}]}}