{"id":132545,"date":"2024-02-29T17:13:34","date_gmt":"2024-02-29T15:13:34","guid":{"rendered":"https:\/\/siuranella.cat\/experiencias\/"},"modified":"2026-02-23T11:46:13","modified_gmt":"2026-02-23T09:46:13","slug":"experiencias","status":"publish","type":"page","link":"https:\/\/siuranella.cat\/es\/experiencias\/","title":{"rendered":"Experiencias"},"content":{"rendered":"<div class=\"wpb-content-wrapper\"><p>[vc_row row_height_percent=&#8221;0&#8243; override_padding=&#8221;yes&#8221; h_padding=&#8221;2&#8243; top_padding=&#8221;3&#8243; bottom_padding=&#8221;1&#8243; back_color=&#8221;color-143788&#8243; overlay_alpha=&#8221;50&#8243; gutter_size=&#8221;4&#8243; column_width_percent=&#8221;100&#8243; shift_y=&#8221;0&#8243; z_index=&#8221;0&#8243; uncode_shortcode_id=&#8221;202112&#8243; back_color_type=&#8221;uncode-palette&#8221;][vc_column column_width_percent=&#8221;100&#8243; align_horizontal=&#8221;align_center&#8221; gutter_size=&#8221;4&#8243; overlay_alpha=&#8221;50&#8243; shift_x=&#8221;0&#8243; shift_y=&#8221;0&#8243; shift_y_down=&#8221;0&#8243; z_index=&#8221;0&#8243; medium_width=&#8221;0&#8243; mobile_width=&#8221;0&#8243; width=&#8221;1\/1&#8243; uncode_shortcode_id=&#8221;143161&#8243;][vc_custom_heading text_color=&#8221;color-194494&#8243; text_font=&#8221;font-546750&#8243; text_size=&#8221;fontsize-151193&#8243; text_weight=&#8221;200&#8243; uncode_shortcode_id=&#8221;575966&#8243; text_color_type=&#8221;uncode-palette&#8221;]Experiencias[\/vc_custom_heading][\/vc_column][\/vc_row][vc_row row_height_percent=&#8221;0&#8243; override_padding=&#8221;yes&#8221; h_padding=&#8221;2&#8243; top_padding=&#8221;5&#8243; bottom_padding=&#8221;4&#8243; back_color=&#8221;color-143788&#8243; overlay_alpha=&#8221;50&#8243; gutter_size=&#8221;4&#8243; column_width_percent=&#8221;100&#8243; shift_y=&#8221;0&#8243; z_index=&#8221;0&#8243; uncode_shortcode_id=&#8221;131079&#8243; back_color_type=&#8221;uncode-palette&#8221;][vc_column column_width_percent=&#8221;100&#8243; align_horizontal=&#8221;align_center&#8221; gutter_size=&#8221;4&#8243; overlay_alpha=&#8221;50&#8243; shift_x=&#8221;0&#8243; shift_y=&#8221;0&#8243; shift_y_down=&#8221;0&#8243; z_index=&#8221;0&#8243; medium_width=&#8221;0&#8243; mobile_width=&#8221;0&#8243; width=&#8221;1\/1&#8243; uncode_shortcode_id=&#8221;143161&#8243;][vc_row_inner row_inner_height_percent=&#8221;0&#8243; overlay_alpha=&#8221;50&#8243; gutter_size=&#8221;4&#8243; shift_y=&#8221;0&#8243; z_index=&#8221;0&#8243; limit_content=&#8221;&#8221; uncode_shortcode_id=&#8221;153691&#8243;][vc_column_inner column_width_use_pixel=&#8221;yes&#8221; align_horizontal=&#8221;align_center&#8221; gutter_size=&#8221;2&#8243; override_padding=&#8221;yes&#8221; column_padding=&#8221;2&#8243; font_family=&#8221;font-469684&#8243; overlay_alpha=&#8221;50&#8243; shift_x=&#8221;0&#8243; shift_y=&#8221;0&#8243; shift_y_down=&#8221;0&#8243; z_index=&#8221;0&#8243; medium_width=&#8221;0&#8243; mobile_width=&#8221;0&#8243; width=&#8221;1\/1&#8243; uncode_shortcode_id=&#8221;205187&#8243; column_width_pixel=&#8221;800&#8243;][vc_custom_heading text_color=&#8221;color-194494&#8243; text_font=&#8221;font-546750&#8243; text_size=&#8221;fontsize-155944&#8243; text_weight=&#8221;400&#8243; text_transform=&#8221;uppercase&#8221; uncode_shortcode_id=&#8221;131897&#8243; text_color_type=&#8221;uncode-palette&#8221;]Siurana y su comarca tienen mucho que ofreceros[\/vc_custom_heading][vc_custom_heading text_font=&#8221;font-107673&#8243; text_size=&#8221;fontsize-144500&#8243; text_weight=&#8221;400&#8243; text_height=&#8221;fontheight-357766&#8243; text_space=&#8221;fontspace-421891&#8243; uncode_shortcode_id=&#8221;161888&#8243;]A continuaci\u00f3n le ofrecemos algunas de actividades y experiencias que seguro os gustar\u00e1n. Pod\u00e9is elegir la que m\u00e1s os guste y hacer la reserva a trav\u00e9s de nuestro formulario o bien en la recepci\u00f3n una vez llegu\u00e9is al hotel Siuranella.[\/vc_custom_heading][vc_empty_space empty_h=&#8221;1&#8243;][vc_button size=&#8221;btn-lg&#8221; outline=&#8221;yes&#8221; text_skin=&#8221;yes&#8221; custom_typo=&#8221;yes&#8221; font_family=&#8221;font-546750&#8243; font_weight=&#8221;400&#8243; letter_spacing=&#8221;fontspace-210350&#8243; border_width=&#8221;0&#8243; link=&#8221;url:https%3A%2F%2Fsiuranella.cat%2Fes%2Freservar%2F|title:Contacto|target:_blank|&#8221; uncode_shortcode_id=&#8221;100034&#8243;]RESERVA[\/vc_button][\/vc_column_inner][\/vc_row_inner][\/vc_column][\/vc_row][vc_row row_height_percent=&#8221;0&#8243; override_padding=&#8221;yes&#8221; h_padding=&#8221;2&#8243; top_padding=&#8221;5&#8243; bottom_padding=&#8221;0&#8243; back_color=&#8221;color-208087&#8243; overlay_alpha=&#8221;50&#8243; equal_height=&#8221;yes&#8221; gutter_size=&#8221;3&#8243; column_width_percent=&#8221;100&#8243; shift_y=&#8221;0&#8243; z_index=&#8221;0&#8243; uncode_shortcode_id=&#8221;214638&#8243; back_color_type=&#8221;uncode-palette&#8221;][vc_column column_width_percent=&#8221;100&#8243; align_horizontal=&#8221;align_center&#8221; gutter_size=&#8221;0&#8243; override_padding=&#8221;yes&#8221; column_padding=&#8221;0&#8243; back_color=&#8221;color-143788&#8243; overlay_alpha=&#8221;50&#8243; shift_x=&#8221;0&#8243; shift_y=&#8221;0&#8243; shift_y_down=&#8221;0&#8243; z_index=&#8221;0&#8243; medium_width=&#8221;0&#8243; mobile_width=&#8221;0&#8243; width=&#8221;1\/3&#8243; uncode_shortcode_id=&#8221;114215&#8243; back_color_type=&#8221;uncode-palette&#8221;][vc_single_image media=&#8221;133353&#8243; media_width_percent=&#8221;100&#8243; media_ratio=&#8221;sixteen-nine&#8221; uncode_shortcode_id=&#8221;904534&#8243;][vc_row_inner row_inner_height_percent=&#8221;0&#8243; overlay_alpha=&#8221;50&#8243; gutter_size=&#8221;3&#8243; shift_y=&#8221;0&#8243; z_index=&#8221;0&#8243; limit_content=&#8221;&#8221; uncode_shortcode_id=&#8221;576877&#8243;][vc_column_inner column_width_percent=&#8221;100&#8243; position_vertical=&#8221;middle&#8221; align_horizontal=&#8221;align_center&#8221; gutter_size=&#8221;3&#8243; override_padding=&#8221;yes&#8221; column_padding=&#8221;2&#8243; overlay_alpha=&#8221;50&#8243; shift_x=&#8221;0&#8243; shift_y=&#8221;0&#8243; shift_y_down=&#8221;0&#8243; z_index=&#8221;0&#8243; medium_width=&#8221;0&#8243; mobile_width=&#8221;0&#8243; width=&#8221;1\/1&#8243; uncode_shortcode_id=&#8221;209251&#8243;][vc_custom_heading heading_semantic=&#8221;h3&#8243; text_transform=&#8221;uppercase&#8221; uncode_shortcode_id=&#8221;211540&#8243;]Vive el eclipse solar con una promoci\u00f3n \u00fanica[\/vc_custom_heading][vc_custom_heading heading_semantic=&#8221;h3&#8243; text_font=&#8221;font-107673&#8243; text_size=&#8221;h6&#8243; text_weight=&#8221;400&#8243; text_height=&#8221;fontheight-357766&#8243; text_space=&#8221;fontspace-421891&#8243; uncode_shortcode_id=&#8221;393489&#8243;]Reserva la noche del eclipse (12 de agosto) y disfruta de la estancia completa del 12 al 16 de agosto sin coste adicional. Siuranella, el mejor escenario natural para vivir ese fen\u00f3meno \u00fanico.[\/vc_custom_heading][vc_button button_color=&#8221;color-194494&#8243; radius=&#8221;btn-default-shape&#8221; outline=&#8221;yes&#8221; custom_typo=&#8221;yes&#8221; font_family=&#8221;font-546750&#8243; font_weight=&#8221;400&#8243; letter_spacing=&#8221;fontspace-421891&#8243; border_width=&#8221;0&#8243; link=&#8221;url:https%3A%2F%2Fsiuranella.cat%2Fes%2Fcontacto%2F|title:Contacto|target:_blank|&#8221; uncode_shortcode_id=&#8221;191931&#8243; button_color_type=&#8221;uncode-palette&#8221;]CONT\u00c1CTANOS[\/vc_button][\/vc_column_inner][\/vc_row_inner][\/vc_column][vc_column column_width_percent=&#8221;100&#8243; align_horizontal=&#8221;align_center&#8221; gutter_size=&#8221;0&#8243; override_padding=&#8221;yes&#8221; column_padding=&#8221;0&#8243; back_color=&#8221;color-143788&#8243; overlay_alpha=&#8221;50&#8243; shift_x=&#8221;0&#8243; shift_y=&#8221;0&#8243; shift_y_down=&#8221;0&#8243; z_index=&#8221;0&#8243; medium_width=&#8221;0&#8243; mobile_width=&#8221;0&#8243; width=&#8221;1\/3&#8243; uncode_shortcode_id=&#8221;162161&#8243; back_color_type=&#8221;uncode-palette&#8221;][vc_single_image media=&#8221;131285&#8243; media_width_percent=&#8221;100&#8243; media_ratio=&#8221;sixteen-nine&#8221; uncode_shortcode_id=&#8221;973092&#8243;][vc_row_inner row_inner_height_percent=&#8221;0&#8243; overlay_alpha=&#8221;50&#8243; gutter_size=&#8221;3&#8243; shift_y=&#8221;0&#8243; z_index=&#8221;0&#8243; limit_content=&#8221;&#8221; uncode_shortcode_id=&#8221;576877&#8243;][vc_column_inner column_width_percent=&#8221;100&#8243; position_vertical=&#8221;middle&#8221; align_horizontal=&#8221;align_center&#8221; gutter_size=&#8221;3&#8243; override_padding=&#8221;yes&#8221; column_padding=&#8221;2&#8243; overlay_alpha=&#8221;50&#8243; shift_x=&#8221;0&#8243; shift_y=&#8221;0&#8243; shift_y_down=&#8221;0&#8243; z_index=&#8221;0&#8243; medium_width=&#8221;0&#8243; mobile_width=&#8221;0&#8243; width=&#8221;1\/1&#8243; uncode_shortcode_id=&#8221;209251&#8243;][vc_custom_heading heading_semantic=&#8221;h3&#8243; text_transform=&#8221;uppercase&#8221; uncode_shortcode_id=&#8221;190938&#8243;]Pack cal\u00e7otada Cap de Ruc 2026[\/vc_custom_heading][vc_custom_heading heading_semantic=&#8221;h3&#8243; text_font=&#8221;font-107673&#8243; text_size=&#8221;h6&#8243; text_weight=&#8221;400&#8243; text_height=&#8221;fontheight-357766&#8243; text_space=&#8221;fontspace-421891&#8243; uncode_shortcode_id=&#8221;127417&#8243;]Disfruta de una experiencia enotur\u00edstica visitando los vi\u00f1edos del Celler Ronadelles con una cata de vinos y finalizando con una cal\u00e7otada Cap de Ruc en el Restaurante La Serra.[\/vc_custom_heading][vc_button button_color=&#8221;color-194494&#8243; radius=&#8221;btn-default-shape&#8221; outline=&#8221;yes&#8221; custom_typo=&#8221;yes&#8221; font_family=&#8221;font-546750&#8243; font_weight=&#8221;400&#8243; letter_spacing=&#8221;fontspace-421891&#8243; border_width=&#8221;0&#8243; link=&#8221;url:https%3A%2F%2Fsiuranella.cat%2Fes%2Fcontacto%2F|title:Contacto|target:_blank|&#8221; uncode_shortcode_id=&#8221;276277&#8243; button_color_type=&#8221;uncode-palette&#8221;]CONT\u00c1CTANOS[\/vc_button][\/vc_column_inner][\/vc_row_inner][\/vc_column][vc_column column_width_percent=&#8221;100&#8243; gutter_size=&#8221;0&#8243; override_padding=&#8221;yes&#8221; column_padding=&#8221;0&#8243; back_color=&#8221;color-143788&#8243; overlay_alpha=&#8221;50&#8243; shift_x=&#8221;0&#8243; shift_y=&#8221;0&#8243; shift_y_down=&#8221;0&#8243; z_index=&#8221;0&#8243; medium_width=&#8221;0&#8243; mobile_width=&#8221;0&#8243; width=&#8221;1\/3&#8243; uncode_shortcode_id=&#8221;423653&#8243; back_color_type=&#8221;uncode-palette&#8221;][vc_single_image media=&#8221;131286&#8243; media_width_percent=&#8221;100&#8243; media_ratio=&#8221;sixteen-nine&#8221; uncode_shortcode_id=&#8221;417211&#8243;][vc_row_inner row_inner_height_percent=&#8221;0&#8243; overlay_alpha=&#8221;50&#8243; gutter_size=&#8221;3&#8243; shift_y=&#8221;0&#8243; z_index=&#8221;0&#8243; limit_content=&#8221;&#8221; uncode_shortcode_id=&#8221;576877&#8243;][vc_column_inner column_width_percent=&#8221;100&#8243; position_vertical=&#8221;middle&#8221; align_horizontal=&#8221;align_center&#8221; gutter_size=&#8221;3&#8243; override_padding=&#8221;yes&#8221; column_padding=&#8221;2&#8243; overlay_alpha=&#8221;50&#8243; shift_x=&#8221;0&#8243; shift_y=&#8221;0&#8243; shift_y_down=&#8221;0&#8243; z_index=&#8221;0&#8243; medium_width=&#8221;0&#8243; mobile_width=&#8221;0&#8243; width=&#8221;1\/1&#8243; uncode_shortcode_id=&#8221;209251&#8243;][vc_custom_heading heading_semantic=&#8221;h3&#8243; text_transform=&#8221;uppercase&#8221; uncode_shortcode_id=&#8221;180550&#8243;]Visita Gran Selecci\u00f3n[\/vc_custom_heading][vc_custom_heading heading_semantic=&#8221;h3&#8243; text_font=&#8221;font-107673&#8243; text_size=&#8221;h6&#8243; text_weight=&#8221;400&#8243; text_height=&#8221;fontheight-357766&#8243; text_space=&#8221;fontspace-421891&#8243; uncode_shortcode_id=&#8221;930440&#8243;]\u00a1Bienvenidos al Celler Ronadelles! Visitaremos sus vi\u00f1edos m\u00e1s emblem\u00e1ticos y descubriremos sus salas de crianza m\u00e1s secretas, acabando con una cata de sus vinos m\u00e1s selectos.[\/vc_custom_heading][vc_button button_color=&#8221;color-194494&#8243; radius=&#8221;btn-default-shape&#8221; outline=&#8221;yes&#8221; custom_typo=&#8221;yes&#8221; font_family=&#8221;font-546750&#8243; font_weight=&#8221;400&#8243; letter_spacing=&#8221;fontspace-421891&#8243; border_width=&#8221;0&#8243; link=&#8221;url:https%3A%2F%2Fsiuranella.cat%2Fes%2Fcontacto%2F|title:Contacto|target:_blank|&#8221; uncode_shortcode_id=&#8221;276277&#8243; button_color_type=&#8221;uncode-palette&#8221;]CONT\u00c1CTANOS[\/vc_button][\/vc_column_inner][\/vc_row_inner][\/vc_column][\/vc_row][vc_row row_height_percent=&#8221;0&#8243; override_padding=&#8221;yes&#8221; h_padding=&#8221;2&#8243; top_padding=&#8221;2&#8243; bottom_padding=&#8221;7&#8243; back_color=&#8221;color-208087&#8243; overlay_alpha=&#8221;50&#8243; equal_height=&#8221;yes&#8221; gutter_size=&#8221;3&#8243; column_width_percent=&#8221;100&#8243; shift_y=&#8221;0&#8243; z_index=&#8221;0&#8243; content_parallax=&#8221;0&#8243; uncode_shortcode_id=&#8221;238152&#8243; back_color_type=&#8221;uncode-palette&#8221;][vc_column column_width_percent=&#8221;100&#8243; align_horizontal=&#8221;align_center&#8221; gutter_size=&#8221;0&#8243; override_padding=&#8221;yes&#8221; column_padding=&#8221;0&#8243; back_color=&#8221;color-143788&#8243; overlay_alpha=&#8221;50&#8243; shift_x=&#8221;0&#8243; shift_y=&#8221;0&#8243; shift_y_down=&#8221;0&#8243; z_index=&#8221;0&#8243; medium_width=&#8221;0&#8243; mobile_width=&#8221;0&#8243; width=&#8221;1\/3&#8243; uncode_shortcode_id=&#8221;780921&#8243; back_color_type=&#8221;uncode-palette&#8221;][vc_single_image media=&#8221;131282&#8243; media_width_percent=&#8221;100&#8243; media_ratio=&#8221;sixteen-nine&#8221; uncode_shortcode_id=&#8221;887488&#8243;][vc_row_inner row_inner_height_percent=&#8221;0&#8243; overlay_alpha=&#8221;50&#8243; gutter_size=&#8221;3&#8243; shift_y=&#8221;0&#8243; z_index=&#8221;0&#8243; limit_content=&#8221;&#8221; uncode_shortcode_id=&#8221;576877&#8243;][vc_column_inner column_width_percent=&#8221;100&#8243; position_vertical=&#8221;middle&#8221; align_horizontal=&#8221;align_center&#8221; gutter_size=&#8221;3&#8243; override_padding=&#8221;yes&#8221; column_padding=&#8221;2&#8243; overlay_alpha=&#8221;50&#8243; shift_x=&#8221;0&#8243; shift_y=&#8221;0&#8243; shift_y_down=&#8221;0&#8243; z_index=&#8221;0&#8243; medium_width=&#8221;0&#8243; mobile_width=&#8221;0&#8243; width=&#8221;1\/1&#8243; uncode_shortcode_id=&#8221;209251&#8243;][vc_custom_heading heading_semantic=&#8221;h3&#8243; text_transform=&#8221;uppercase&#8221; uncode_shortcode_id=&#8221;747796&#8243;]Visita vinos de autor[\/vc_custom_heading][vc_custom_heading heading_semantic=&#8221;h3&#8243; text_font=&#8221;font-107673&#8243; text_size=&#8221;h6&#8243; text_weight=&#8221;400&#8243; text_height=&#8221;fontheight-357766&#8243; text_space=&#8221;fontspace-421891&#8243; uncode_shortcode_id=&#8221;126512&#8243;]Disfruta de una experiencia enotur\u00edstica visitando la Bodega de Ronadelles y terminando con una cata de vinos de sus vinos m\u00e1s singulares.[\/vc_custom_heading][vc_button button_color=&#8221;color-194494&#8243; radius=&#8221;btn-default-shape&#8221; outline=&#8221;yes&#8221; custom_typo=&#8221;yes&#8221; font_family=&#8221;font-546750&#8243; font_weight=&#8221;400&#8243; letter_spacing=&#8221;fontspace-421891&#8243; border_width=&#8221;0&#8243; link=&#8221;url:https%3A%2F%2Fsiuranella.cat%2Fes%2Fcontacto%2F|title:Contacto|target:_blank|&#8221; uncode_shortcode_id=&#8221;191931&#8243; button_color_type=&#8221;uncode-palette&#8221;]CONT\u00c1CTANOS[\/vc_button][\/vc_column_inner][\/vc_row_inner][\/vc_column][vc_column column_width_percent=&#8221;100&#8243; align_horizontal=&#8221;align_center&#8221; gutter_size=&#8221;0&#8243; override_padding=&#8221;yes&#8221; column_padding=&#8221;0&#8243; back_color=&#8221;color-143788&#8243; overlay_alpha=&#8221;50&#8243; shift_x=&#8221;0&#8243; shift_y=&#8221;0&#8243; shift_y_down=&#8221;0&#8243; z_index=&#8221;0&#8243; medium_width=&#8221;0&#8243; mobile_width=&#8221;0&#8243; width=&#8221;1\/3&#8243; uncode_shortcode_id=&#8221;114215&#8243; back_color_type=&#8221;uncode-palette&#8221;][vc_single_image media=&#8221;131283&#8243; media_width_percent=&#8221;100&#8243; media_ratio=&#8221;sixteen-nine&#8221; uncode_shortcode_id=&#8221;114119&#8243;][vc_row_inner row_inner_height_percent=&#8221;0&#8243; overlay_alpha=&#8221;50&#8243; gutter_size=&#8221;3&#8243; shift_y=&#8221;0&#8243; z_index=&#8221;0&#8243; limit_content=&#8221;&#8221; uncode_shortcode_id=&#8221;576877&#8243;][vc_column_inner column_width_percent=&#8221;100&#8243; position_vertical=&#8221;middle&#8221; align_horizontal=&#8221;align_center&#8221; gutter_size=&#8221;3&#8243; override_padding=&#8221;yes&#8221; column_padding=&#8221;2&#8243; overlay_alpha=&#8221;50&#8243; shift_x=&#8221;0&#8243; shift_y=&#8221;0&#8243; shift_y_down=&#8221;0&#8243; z_index=&#8221;0&#8243; medium_width=&#8221;0&#8243; mobile_width=&#8221;0&#8243; width=&#8221;1\/1&#8243; uncode_shortcode_id=&#8221;209251&#8243;][vc_custom_heading heading_semantic=&#8221;h3&#8243; text_transform=&#8221;uppercase&#8221; uncode_shortcode_id=&#8221;131077&#8243;]Visita vinos de autor + Comida restaurante La Serra[\/vc_custom_heading][vc_custom_heading heading_semantic=&#8221;h3&#8243; text_font=&#8221;font-107673&#8243; text_size=&#8221;h6&#8243; text_weight=&#8221;400&#8243; text_height=&#8221;fontheight-357766&#8243; text_space=&#8221;fontspace-421891&#8243; uncode_shortcode_id=&#8221;186450&#8243;]Disfruta de una experiencia enotur\u00edstica visitando los vi\u00f1edos del Celler Ronadelles con una cata de vinos de sus vinos m\u00e1s singulares, finalizando la visita con una comida en el Restaurante La Serra.[\/vc_custom_heading][vc_button button_color=&#8221;color-194494&#8243; radius=&#8221;btn-default-shape&#8221; outline=&#8221;yes&#8221; custom_typo=&#8221;yes&#8221; font_family=&#8221;font-546750&#8243; font_weight=&#8221;400&#8243; letter_spacing=&#8221;fontspace-421891&#8243; border_width=&#8221;0&#8243; link=&#8221;url:https%3A%2F%2Fsiuranella.cat%2Fes%2Fcontacto%2F|title:Contacto|target:_blank|&#8221; uncode_shortcode_id=&#8221;191931&#8243; button_color_type=&#8221;uncode-palette&#8221;]CONT\u00c1CTANOS[\/vc_button][\/vc_column_inner][\/vc_row_inner][\/vc_column][vc_column column_width_percent=&#8221;100&#8243; align_horizontal=&#8221;align_center&#8221; gutter_size=&#8221;0&#8243; override_padding=&#8221;yes&#8221; column_padding=&#8221;0&#8243; back_color=&#8221;color-143788&#8243; overlay_alpha=&#8221;50&#8243; shift_x=&#8221;0&#8243; shift_y=&#8221;0&#8243; shift_y_down=&#8221;0&#8243; z_index=&#8221;0&#8243; medium_width=&#8221;0&#8243; mobile_width=&#8221;0&#8243; width=&#8221;1\/3&#8243; uncode_shortcode_id=&#8221;162161&#8243; back_color_type=&#8221;uncode-palette&#8221;][vc_single_image media=&#8221;131284&#8243; media_width_percent=&#8221;100&#8243; media_ratio=&#8221;sixteen-nine&#8221; uncode_shortcode_id=&#8221;164143&#8243;][vc_row_inner row_inner_height_percent=&#8221;0&#8243; overlay_alpha=&#8221;50&#8243; gutter_size=&#8221;3&#8243; shift_y=&#8221;0&#8243; z_index=&#8221;0&#8243; limit_content=&#8221;&#8221; uncode_shortcode_id=&#8221;576877&#8243;][vc_column_inner column_width_percent=&#8221;100&#8243; position_vertical=&#8221;middle&#8221; align_horizontal=&#8221;align_center&#8221; gutter_size=&#8221;3&#8243; override_padding=&#8221;yes&#8221; column_padding=&#8221;2&#8243; overlay_alpha=&#8221;50&#8243; shift_x=&#8221;0&#8243; shift_y=&#8221;0&#8243; shift_y_down=&#8221;0&#8243; z_index=&#8221;0&#8243; medium_width=&#8221;0&#8243; mobile_width=&#8221;0&#8243; width=&#8221;1\/1&#8243; uncode_shortcode_id=&#8221;209251&#8243;][vc_custom_heading heading_semantic=&#8221;h3&#8243; text_transform=&#8221;uppercase&#8221; uncode_shortcode_id=&#8221;107026&#8243;]Espect\u00e1culo Enogastron\u00f3mico[\/vc_custom_heading][vc_custom_heading heading_semantic=&#8221;h3&#8243; text_font=&#8221;font-107673&#8243; text_size=&#8221;h6&#8243; text_weight=&#8221;400&#8243; text_height=&#8221;fontheight-357766&#8243; text_space=&#8221;fontspace-421891&#8243; uncode_shortcode_id=&#8221;207234&#8243;]Este pack incluye la Visita Gran Selecci\u00f3n y almuerzo en el Restaurante Quatre Molins (Men\u00fa Espect\u00e1culo) galardonado con una estrella Michelin para 2 personas.[\/vc_custom_heading][vc_button button_color=&#8221;color-194494&#8243; radius=&#8221;btn-default-shape&#8221; outline=&#8221;yes&#8221; custom_typo=&#8221;yes&#8221; font_family=&#8221;font-546750&#8243; font_weight=&#8221;400&#8243; letter_spacing=&#8221;fontspace-421891&#8243; border_width=&#8221;0&#8243; link=&#8221;url:https%3A%2F%2Fsiuranella.cat%2Fes%2Fcontacto%2F|title:Contacto|target:_blank|&#8221; uncode_shortcode_id=&#8221;191931&#8243; button_color_type=&#8221;uncode-palette&#8221;]CONT\u00c1CTANOS[\/vc_button][\/vc_column_inner][\/vc_row_inner][\/vc_column][\/vc_row]<\/p>\n<\/div>","protected":false},"excerpt":{"rendered":"<p>[vc_row row_height_percent=&#8221;0&#8243; override_padding=&#8221;yes&#8221; h_padding=&#8221;2&#8243; top_padding=&#8221;3&#8243; bottom_padding=&#8221;1&#8243; back_color=&#8221;color-143788&#8243; overlay_alpha=&#8221;50&#8243; gutter_size=&#8221;4&#8243; column_width_percent=&#8221;100&#8243; shift_y=&#8221;0&#8243; z_index=&#8221;0&#8243; uncode_shortcode_id=&#8221;202112&#8243; back_color_type=&#8221;uncode-palette&#8221;][vc_column column_width_percent=&#8221;100&#8243; align_horizontal=&#8221;align_center&#8221; gutter_size=&#8221;4&#8243; overlay_alpha=&#8221;50&#8243; shift_x=&#8221;0&#8243; shift_y=&#8221;0&#8243; [&hellip;]<\/p>\n","protected":false},"author":1,"featured_media":0,"parent":0,"menu_order":0,"comment_status":"closed","ping_status":"closed","template":"","meta":{"footnotes":""},"class_list":["post-132545","page","type-page","status-publish","hentry"],"_links":{"self":[{"href":"https:\/\/siuranella.cat\/es\/wp-json\/wp\/v2\/pages\/132545","targetHints":{"allow":["GET"]}}],"collection":[{"href":"https:\/\/siuranella.cat\/es\/wp-json\/wp\/v2\/pages"}],"about":[{"href":"https:\/\/siuranella.cat\/es\/wp-json\/wp\/v2\/types\/page"}],"author":[{"embeddable":true,"href":"https:\/\/siuranella.cat\/es\/wp-json\/wp\/v2\/users\/1"}],"replies":[{"embeddable":true,"href":"https:\/\/siuranella.cat\/es\/wp-json\/wp\/v2\/comments?post=132545"}],"version-history":[{"count":15,"href":"https:\/\/siuranella.cat\/es\/wp-json\/wp\/v2\/pages\/132545\/revisions"}],"predecessor-version":[{"id":133438,"href":"https:\/\/siuranella.cat\/es\/wp-json\/wp\/v2\/pages\/132545\/revisions\/133438"}],"wp:attachment":[{"href":"https:\/\/siuranella.cat\/es\/wp-json\/wp\/v2\/media?parent=132545"}],"curies":[{"name":"wp","href":"https:\/\/api.w.org\/{rel}","templated":true}]}}