{"id":132699,"date":"2024-03-07T15:47:25","date_gmt":"2024-03-07T13:47:25","guid":{"rendered":"https:\/\/siuranella.cat\/events\/"},"modified":"2026-01-16T12:59:36","modified_gmt":"2026-01-16T10:59:36","slug":"events","status":"publish","type":"page","link":"https:\/\/siuranella.cat\/en\/events\/","title":{"rendered":"Events"},"content":{"rendered":"<div class=\"wpb-content-wrapper\"><p>[vc_row row_height_percent=&#8221;0&#8243; override_padding=&#8221;yes&#8221; h_padding=&#8221;2&#8243; top_padding=&#8221;3&#8243; bottom_padding=&#8221;1&#8243; back_color=&#8221;color-143788&#8243; overlay_alpha=&#8221;50&#8243; gutter_size=&#8221;4&#8243; column_width_percent=&#8221;100&#8243; shift_y=&#8221;0&#8243; z_index=&#8221;0&#8243; uncode_shortcode_id=&#8221;202112&#8243; back_color_type=&#8221;uncode-palette&#8221;][vc_column column_width_percent=&#8221;100&#8243; align_horizontal=&#8221;align_center&#8221; gutter_size=&#8221;4&#8243; overlay_alpha=&#8221;50&#8243; shift_x=&#8221;0&#8243; shift_y=&#8221;0&#8243; shift_y_down=&#8221;0&#8243; z_index=&#8221;0&#8243; medium_width=&#8221;0&#8243; mobile_width=&#8221;0&#8243; width=&#8221;1\/1&#8243; uncode_shortcode_id=&#8221;143161&#8243;][vc_custom_heading text_color=&#8221;color-194494&#8243; text_font=&#8221;font-546750&#8243; text_size=&#8221;fontsize-151193&#8243; text_weight=&#8221;200&#8243; uncode_shortcode_id=&#8221;799444&#8243; text_color_type=&#8221;uncode-palette&#8221;]Events[\/vc_custom_heading][\/vc_column][\/vc_row][vc_row row_height_percent=&#8221;0&#8243; override_padding=&#8221;yes&#8221; h_padding=&#8221;2&#8243; top_padding=&#8221;5&#8243; bottom_padding=&#8221;2&#8243; overlay_alpha=&#8221;100&#8243; gutter_size=&#8221;100&#8243; column_width_percent=&#8221;100&#8243; shift_y=&#8221;0&#8243; z_index=&#8221;0&#8243; style=&#8221;inherited&#8221; css=&#8221;.vc_custom_1709812208903{border-top-width: 1px !important;}&#8221; uncode_shortcode_id=&#8221;103889&#8243;][vc_column column_width_percent=&#8221;100&#8243; align_horizontal=&#8221;align_center&#8221; gutter_size=&#8221;3&#8243; overlay_alpha=&#8221;50&#8243; shift_x=&#8221;0&#8243; shift_y=&#8221;0&#8243; shift_y_down=&#8221;0&#8243; z_index=&#8221;0&#8243; medium_width=&#8221;0&#8243; mobile_width=&#8221;0&#8243; zoom_width=&#8221;0&#8243; zoom_height=&#8221;0&#8243; width=&#8221;1\/1&#8243;][vc_gallery el_id=&#8221;gallery-43823&#8243; medias=&#8221;131254,131246,131251,131252,131256,131248,131250,131260,131255,131249,131258,131253,131257&#8243; gutter_size=&#8221;2&#8243; media_items=&#8221;media|lightbox|original&#8221; screen_lg=&#8221;1000&#8243; screen_md=&#8221;600&#8243; screen_sm=&#8221;480&#8243; single_width=&#8221;2&#8243; single_overlay_opacity=&#8221;50&#8243; single_overlay_anim=&#8221;no&#8221; single_text_anim=&#8221;no&#8221; single_image_anim=&#8221;no&#8221; single_h_align=&#8221;center&#8221; single_padding=&#8221;2&#8243; single_icon=&#8221;fa fa-plus2&#8243; single_border=&#8221;yes&#8221; lbox_transparency=&#8221;opaque&#8221; lbox_social=&#8221;yes&#8221; lbox_transition=&#8221;lg-fade&#8221; no_double_tap=&#8221;yes&#8221; items=&#8221;e30=&#8221; uncode_shortcode_id=&#8221;123000&#8243;][\/vc_column][\/vc_row][vc_row row_height_percent=&#8221;0&#8243; override_padding=&#8221;yes&#8221; h_padding=&#8221;2&#8243; top_padding=&#8221;5&#8243; bottom_padding=&#8221;4&#8243; back_color=&#8221;color-143788&#8243; overlay_alpha=&#8221;50&#8243; gutter_size=&#8221;4&#8243; column_width_percent=&#8221;100&#8243; shift_y=&#8221;0&#8243; z_index=&#8221;0&#8243; uncode_shortcode_id=&#8221;131079&#8243; back_color_type=&#8221;uncode-palette&#8221;][vc_column column_width_percent=&#8221;100&#8243; align_horizontal=&#8221;align_center&#8221; gutter_size=&#8221;4&#8243; overlay_alpha=&#8221;50&#8243; shift_x=&#8221;0&#8243; shift_y=&#8221;0&#8243; shift_y_down=&#8221;0&#8243; z_index=&#8221;0&#8243; medium_width=&#8221;0&#8243; mobile_width=&#8221;0&#8243; width=&#8221;1\/1&#8243; uncode_shortcode_id=&#8221;143161&#8243;][vc_row_inner row_inner_height_percent=&#8221;0&#8243; overlay_alpha=&#8221;50&#8243; gutter_size=&#8221;4&#8243; shift_y=&#8221;0&#8243; z_index=&#8221;0&#8243; limit_content=&#8221;&#8221; uncode_shortcode_id=&#8221;153691&#8243;][vc_column_inner column_width_use_pixel=&#8221;yes&#8221; align_horizontal=&#8221;align_center&#8221; gutter_size=&#8221;2&#8243; override_padding=&#8221;yes&#8221; column_padding=&#8221;2&#8243; font_family=&#8221;font-469684&#8243; overlay_alpha=&#8221;50&#8243; shift_x=&#8221;0&#8243; shift_y=&#8221;0&#8243; shift_y_down=&#8221;0&#8243; z_index=&#8221;0&#8243; medium_width=&#8221;0&#8243; mobile_width=&#8221;0&#8243; width=&#8221;1\/1&#8243; uncode_shortcode_id=&#8221;205187&#8243; column_width_pixel=&#8221;800&#8243;][vc_custom_heading text_color=&#8221;color-194494&#8243; text_font=&#8221;font-546750&#8243; text_size=&#8221;fontsize-155944&#8243; text_weight=&#8221;400&#8243; text_transform=&#8221;uppercase&#8221; uncode_shortcode_id=&#8221;131079&#8243; text_color_type=&#8221;uncode-palette&#8221;]The ideal setting for your parties[\/vc_custom_heading][vc_custom_heading text_font=&#8221;font-107673&#8243; text_size=&#8221;fontsize-144500&#8243; text_weight=&#8221;400&#8243; text_height=&#8221;fontheight-357766&#8243; text_space=&#8221;fontspace-421891&#8243; uncode_shortcode_id=&#8221;212903&#8243;]At Siuranella, we have several space options to adapt to your event according to your preferences. You can enjoy our terrace with outstanding panoramic views or our restaurant, where we will surprise you with a culinary choice of excellence.[\/vc_custom_heading][\/vc_column_inner][\/vc_row_inner][\/vc_column][\/vc_row][vc_row row_height_percent=&#8221;0&#8243; override_padding=&#8221;yes&#8221; h_padding=&#8221;2&#8243; top_padding=&#8221;5&#8243; bottom_padding=&#8221;5&#8243; back_color=&#8221;color-936290&#8243; overlay_alpha=&#8221;50&#8243; gutter_size=&#8221;4&#8243; column_width_percent=&#8221;100&#8243; shift_y=&#8221;0&#8243; z_index=&#8221;0&#8243; uncode_shortcode_id=&#8221;130230&#8243; back_color_type=&#8221;uncode-palette&#8221;][vc_column column_width_percent=&#8221;100&#8243; gutter_size=&#8221;3&#8243; style=&#8221;dark&#8221; overlay_alpha=&#8221;50&#8243; shift_x=&#8221;0&#8243; shift_y=&#8221;0&#8243; shift_y_down=&#8221;0&#8243; z_index=&#8221;0&#8243; medium_width=&#8221;4&#8243; mobile_width=&#8221;0&#8243; width=&#8221;6\/12&#8243; el_class=&#8221;image-card image-card-triple&#8221; uncode_shortcode_id=&#8221;952423&#8243;][vc_single_image media=&#8221;131243&#8243; media_width_percent=&#8221;100&#8243; media_ratio=&#8221;one-one&#8221; alignment=&#8221;right&#8221; uncode_shortcode_id=&#8221;556539&#8243;][vc_single_image media=&#8221;131245&#8243; media_width_percent=&#8221;100&#8243; media_ratio=&#8221;one-one&#8221; alignment=&#8221;right&#8221; css_animation=&#8221;parallax&#8221; parallax_intensity=&#8221;2&#8243; uncode_shortcode_id=&#8221;190450&#8243;][vc_single_image media=&#8221;131236&#8243; media_width_percent=&#8221;100&#8243; media_ratio=&#8221;one-one&#8221; alignment=&#8221;right&#8221; css_animation=&#8221;parallax&#8221; parallax_intensity=&#8221;3&#8243; uncode_shortcode_id=&#8221;600807&#8243;][uncode_vertical_text vertical_text_h_pos=&#8221;-1&#8243; z_index=&#8221;0&#8243; text_font=&#8221;font-546750&#8243; text_size=&#8221;h6&#8243; text_weight=&#8221;500&#8243; text_transform=&#8221;uppercase&#8221; text_space=&#8221;fontspace-210350&#8243; medium_visibility=&#8221;yes&#8221; mobile_visibility=&#8221;yes&#8221; uncode_shortcode_id=&#8221;179100&#8243;]L&#8217;espai ideal[\/uncode_vertical_text][\/vc_column][vc_column column_width_percent=&#8221;100&#8243; position_horizontal=&#8221;left&#8221; position_vertical=&#8221;middle&#8221; gutter_size=&#8221;2&#8243; style=&#8221;dark&#8221; font_family=&#8221;font-107673&#8243; overlay_alpha=&#8221;50&#8243; shift_x=&#8221;0&#8243; shift_y=&#8221;0&#8243; shift_y_down=&#8221;0&#8243; z_index=&#8221;0&#8243; medium_width=&#8221;4&#8243; align_mobile=&#8221;align_center_mobile&#8221; mobile_width=&#8221;0&#8243; width=&#8221;6\/12&#8243; uncode_shortcode_id=&#8221;609393&#8243;][vc_custom_heading heading_semantic=&#8221;h3&#8243; text_font=&#8221;font-546750&#8243; text_size=&#8221;fontsize-155944&#8243; text_weight=&#8221;400&#8243; text_transform=&#8221;uppercase&#8221; sub_lead=&#8221;yes&#8221; uncode_shortcode_id=&#8221;489677&#8243;]The Terrassa Montsant[\/vc_custom_heading][vc_empty_space empty_h=&#8221;1&#8243;][vc_custom_heading heading_semantic=&#8221;h3&#8243; text_font=&#8221;font-107673&#8243; text_size=&#8221;fontsize-144500&#8243; text_weight=&#8221;400&#8243; text_height=&#8221;fontheight-357766&#8243; text_space=&#8221;fontspace-421891&#8243; sub_lead=&#8221;yes&#8221; uncode_shortcode_id=&#8221;145139&#8243;]Our hotel has an extensive garden with stunning views of the Montsant mountain range.[\/vc_custom_heading][vc_custom_heading heading_semantic=&#8221;h3&#8243; text_font=&#8221;font-107673&#8243; text_size=&#8221;fontsize-144500&#8243; text_weight=&#8221;400&#8243; text_height=&#8221;fontheight-357766&#8243; text_space=&#8221;fontspace-421891&#8243; sub_lead=&#8221;yes&#8221; uncode_shortcode_id=&#8221;825417&#8243;]This garden is the perfect setting for special events. Whether for a private party, a romantic wedding or a live concert \u2013 seating up to 80 people \u2013, it offers an exceptional setting to make your celebrations memorable.[\/vc_custom_heading][vc_custom_heading heading_semantic=&#8221;h3&#8243; text_font=&#8221;font-107673&#8243; text_size=&#8221;fontsize-144500&#8243; text_weight=&#8221;400&#8243; text_height=&#8221;fontheight-357766&#8243; text_space=&#8221;fontspace-421891&#8243; sub_lead=&#8221;yes&#8221; uncode_shortcode_id=&#8221;741061&#8243;]As it provides the perfect combination of natural beauty and modern conveniences, our garden is the ideal choice to make your celebrations an unforgettable experience.[\/vc_custom_heading][vc_empty_space empty_h=&#8221;1&#8243;][vc_button size=&#8221;btn-lg&#8221; hover_fx=&#8221;outlined&#8221; outline=&#8221;yes&#8221; text_skin=&#8221;yes&#8221; custom_typo=&#8221;yes&#8221; font_family=&#8221;font-546750&#8243; font_weight=&#8221;400&#8243; letter_spacing=&#8221;fontspace-210350&#8243; border_width=&#8221;0&#8243; link=&#8221;url:https%3A%2F%2Fsiuranella.cat%2Fen%2Fcontact%2F|title:Contact|target:_blank|&#8221; uncode_shortcode_id=&#8221;135459&#8243;]CONTACT US[\/vc_button][\/vc_column][\/vc_row][vc_row row_height_percent=&#8221;0&#8243; override_padding=&#8221;yes&#8221; h_padding=&#8221;2&#8243; top_padding=&#8221;5&#8243; bottom_padding=&#8221;5&#8243; back_color=&#8221;color-143788&#8243; overlay_alpha=&#8221;50&#8243; gutter_size=&#8221;4&#8243; column_width_percent=&#8221;100&#8243; shift_y=&#8221;0&#8243; z_index=&#8221;0&#8243; inverted_device_order=&#8221;yes&#8221; uncode_shortcode_id=&#8221;507054&#8243; back_color_type=&#8221;uncode-palette&#8221;][vc_column column_width_percent=&#8221;100&#8243; position_horizontal=&#8221;left&#8221; position_vertical=&#8221;middle&#8221; gutter_size=&#8221;3&#8243; font_family=&#8221;font-469684&#8243; overlay_alpha=&#8221;50&#8243; shift_x=&#8221;0&#8243; shift_y=&#8221;0&#8243; shift_y_down=&#8221;0&#8243; z_index=&#8221;0&#8243; medium_width=&#8221;4&#8243; align_mobile=&#8221;align_center_mobile&#8221; mobile_width=&#8221;0&#8243; width=&#8221;1\/2&#8243; uncode_shortcode_id=&#8221;910195&#8243;][vc_custom_heading heading_semantic=&#8221;h3&#8243; text_font=&#8221;font-546750&#8243; text_size=&#8221;fontsize-155944&#8243; text_weight=&#8221;400&#8243; text_transform=&#8221;uppercase&#8221; sub_lead=&#8221;yes&#8221; uncode_shortcode_id=&#8221;110533&#8243;]Els Tallers Restaurant[\/vc_custom_heading][vc_custom_heading heading_semantic=&#8221;h3&#8243; text_font=&#8221;font-107673&#8243; text_size=&#8221;fontsize-144500&#8243; text_weight=&#8221;400&#8243; text_height=&#8221;fontheight-357766&#8243; text_space=&#8221;fontspace-421891&#8243; sub_lead=&#8221;yes&#8221; uncode_shortcode_id=&#8221;660073&#8243;]We offer you an authentic and surprising cuisine, which focuses on local produce. Amb el nostre cap de cuina, al capdavant, cuidarem fins al m\u00e9s m\u00ednim detall perqu\u00e8 pugueu degustar els sabors de la cuina local i de proximitat en la seva m\u00e0xima expressi\u00f3.[\/vc_custom_heading][vc_button size=&#8221;btn-lg&#8221; hover_fx=&#8221;outlined&#8221; outline=&#8221;yes&#8221; text_skin=&#8221;yes&#8221; custom_typo=&#8221;yes&#8221; font_family=&#8221;font-546750&#8243; font_weight=&#8221;400&#8243; letter_spacing=&#8221;fontspace-210350&#8243; border_width=&#8221;0&#8243; link=&#8221;url:https%3A%2F%2Fsiuranella.cat%2Fen%2Fcontact%2F|title:Contact|target:_blank|&#8221; uncode_shortcode_id=&#8221;175520&#8243;]CONTACT US[\/vc_button][\/vc_column][vc_column column_width_percent=&#8221;100&#8243; gutter_size=&#8221;3&#8243; overlay_alpha=&#8221;50&#8243; shift_x=&#8221;0&#8243; shift_y=&#8221;0&#8243; shift_y_down=&#8221;0&#8243; z_index=&#8221;0&#8243; medium_width=&#8221;4&#8243; mobile_width=&#8221;0&#8243; width=&#8221;1\/2&#8243; el_class=&#8221;image-card image-card-inverted image-card-triple&#8221; uncode_shortcode_id=&#8221;222494&#8243;][vc_single_image media=&#8221;131233&#8243; media_width_percent=&#8221;100&#8243; media_ratio=&#8221;one-one&#8221; alignment=&#8221;right&#8221; uncode_shortcode_id=&#8221;171246&#8243;][vc_single_image media=&#8221;131234&#8243; media_width_percent=&#8221;100&#8243; media_ratio=&#8221;one-one&#8221; alignment=&#8221;right&#8221; css_animation=&#8221;parallax&#8221; parallax_intensity=&#8221;3&#8243; uncode_shortcode_id=&#8221;169665&#8243;][uncode_vertical_text position=&#8221;right&#8221; flip=&#8221;yes&#8221; vertical_text_h_pos=&#8221;1&#8243; z_index=&#8221;0&#8243; text_font=&#8221;font-546750&#8243; text_size=&#8221;h6&#8243; text_weight=&#8221;500&#8243; text_transform=&#8221;uppercase&#8221; text_space=&#8221;fontspace-210350&#8243; medium_visibility=&#8221;yes&#8221; mobile_visibility=&#8221;yes&#8221; uncode_shortcode_id=&#8221;211628&#8243;]El plaer de menjar[\/uncode_vertical_text][\/vc_column][\/vc_row]<\/p>\n<\/div>","protected":false},"excerpt":{"rendered":"<p>[vc_row row_height_percent=&#8221;0&#8243; override_padding=&#8221;yes&#8221; h_padding=&#8221;2&#8243; top_padding=&#8221;3&#8243; bottom_padding=&#8221;1&#8243; back_color=&#8221;color-143788&#8243; overlay_alpha=&#8221;50&#8243; gutter_size=&#8221;4&#8243; column_width_percent=&#8221;100&#8243; shift_y=&#8221;0&#8243; z_index=&#8221;0&#8243; uncode_shortcode_id=&#8221;202112&#8243; back_color_type=&#8221;uncode-palette&#8221;][vc_column column_width_percent=&#8221;100&#8243; align_horizontal=&#8221;align_center&#8221; gutter_size=&#8221;4&#8243; overlay_alpha=&#8221;50&#8243; shift_x=&#8221;0&#8243; shift_y=&#8221;0&#8243; [&hellip;]<\/p>\n","protected":false},"author":1,"featured_media":0,"parent":0,"menu_order":0,"comment_status":"closed","ping_status":"closed","template":"","meta":{"footnotes":""},"class_list":["post-132699","page","type-page","status-publish","hentry"],"_links":{"self":[{"href":"https:\/\/siuranella.cat\/en\/wp-json\/wp\/v2\/pages\/132699","targetHints":{"allow":["GET"]}}],"collection":[{"href":"https:\/\/siuranella.cat\/en\/wp-json\/wp\/v2\/pages"}],"about":[{"href":"https:\/\/siuranella.cat\/en\/wp-json\/wp\/v2\/types\/page"}],"author":[{"embeddable":true,"href":"https:\/\/siuranella.cat\/en\/wp-json\/wp\/v2\/users\/1"}],"replies":[{"embeddable":true,"href":"https:\/\/siuranella.cat\/en\/wp-json\/wp\/v2\/comments?post=132699"}],"version-history":[{"count":10,"href":"https:\/\/siuranella.cat\/en\/wp-json\/wp\/v2\/pages\/132699\/revisions"}],"predecessor-version":[{"id":133275,"href":"https:\/\/siuranella.cat\/en\/wp-json\/wp\/v2\/pages\/132699\/revisions\/133275"}],"wp:attachment":[{"href":"https:\/\/siuranella.cat\/en\/wp-json\/wp\/v2\/media?parent=132699"}],"curies":[{"name":"wp","href":"https:\/\/api.w.org\/{rel}","templated":true}]}}